{"id":230955,"date":"2025-09-27T14:09:34","date_gmt":"2025-09-27T14:09:34","guid":{"rendered":"https:\/\/sha-verein.com\/breve-retrato-de-la-swiss-health-alliance-csa\/"},"modified":"2025-10-20T13:44:09","modified_gmt":"2025-10-20T13:44:09","slug":"breve-retrato-de-la-swiss-health-alliance-csa","status":"publish","type":"page","link":"https:\/\/sha-verein.com\/es\/breve-retrato-de-la-swiss-health-alliance-csa\/","title":{"rendered":"Breve retrato de la Swiss-Health Alliance (CSA)"},"content":{"rendered":"<p>[et_pb_section fb_built=\u00bb1&#8243; _builder_version=\u00bb4.27.4&#8243; _module_preset=\u00bbe8bcbefb-408b-46fa-bb07-26f5aaef7992&#8243; background_image=\u00bbhttps:\/\/sha-verein.com\/wp-content\/uploads\/2025\/09\/54667da5c85f920d8ecd89b651d4930c.jpg\u00bb background_position=\u00bbbottom_center\u00bb background_vertical_offset=\u00bb51%\u00bb global_colors_info=\u00bb{}\u00bb][et_pb_row _builder_version=\u00bb4.27.4&#8243; _module_preset=\u00bb8daa54c2-3254-4673-a3a3-94498b2b6954&#8243; global_colors_info=\u00bb{}\u00bb][et_pb_column type=\u00bb4_4&#8243; _builder_version=\u00bb4.27.4&#8243; _module_preset=\u00bbdefault\u00bb global_colors_info=\u00bb{}\u00bb][et_pb_text _builder_version=\u00bb4.27.4&#8243; _module_preset=\u00bb5d02ebe0-5c00-4804-b34e-b540249a66d2&#8243; global_colors_info=\u00bb{}\u00bb]<\/p>\n<h1>Breve retrato de la Swiss-Health Alliance (CSA)<\/h1>\n<p>[\/et_pb_text][et_pb_text _builder_version=\u00bb4.27.4&#8243; _module_preset=\u00bbdefault\u00bb text_font=\u00bbMontserrat|500|||||||\u00bb text_text_color=\u00bb#FFFFFF\u00bb text_font_size=\u00bb20px\u00bb max_width=\u00bb78%\u00bb module_alignment=\u00bbcenter\u00bb global_colors_info=\u00bb{}\u00bb]<\/p>\n<p style=\"text-align: center;\">La organizaci\u00f3n sanitaria mundial <span>Swiss-Health Alliance (CSA)<\/span> desempe\u00f1a un importante papel en la asistencia sanitaria internacional. He aqu\u00ed algunas de sus principales funciones y objetivos: <\/p>\n<p>[\/et_pb_text][\/et_pb_column][\/et_pb_row][\/et_pb_section][et_pb_section fb_built=\u00bb1&#8243; _builder_version=\u00bb4.27.4&#8243; _module_preset=\u00bb35b5801e-a7c9-4936-9b66-e5b5510d161a\u00bb global_colors_info=\u00bb{}\u00bb][et_pb_row column_structure=\u00bb1_2,1_2&#8243; custom_padding_last_edited=\u00bbon|tablet\u00bb _builder_version=\u00bb4.27.4&#8243; _module_preset=\u00bbdefault\u00bb module_alignment=\u00bbcenter\u00bb custom_margin_tablet=\u00bb||30px||false|false\u00bb custom_margin_phone=\u00bb||30px||false|false\u00bb custom_margin_last_edited=\u00bbon|phone\u00bb custom_padding_tablet=\u00bb\u00bb custom_padding_phone=\u00bb\u00bb global_colors_info=\u00bb{}\u00bb][et_pb_column type=\u00bb1_2&#8243; _builder_version=\u00bb4.27.4&#8243; _module_preset=\u00bbdefault\u00bb global_colors_info=\u00bb{}\u00bb][et_pb_text _builder_version=\u00bb4.27.4&#8243; _module_preset=\u00bb95ea9a77-3c56-4815-8933-d445e57412be\u00bb header_2_font=\u00bbMontserrat|600|||||||\u00bb header_2_text_color=\u00bb#000000&#8243; header_2_font_size=\u00bb20px\u00bb hover_enabled=\u00bb0&#8243; global_colors_info=\u00bb{}\u00bb sticky_enabled=\u00bb0&#8243;]<\/p>\n<h2 style=\"text-align: left;\">Principales objetivos de la Alianza Suiza para la Salud (CSA)<\/h2>\n<ol style=\"text-align: left;\">\n<li><strong>Fomento de la cooperaci\u00f3n:<br \/><\/strong>La alianza internacional promueve la cooperaci\u00f3n entre diversos agentes del sector sanitario, como instituciones sanitarias, cl\u00ednicas, m\u00e9dicos, organizaciones de pacientes e instituciones de investigaci\u00f3n.<\/li>\n<li><strong>Mejora de la calidad:<br \/><\/strong>Se compromete a mejorar la calidad de la asistencia sanitaria compartiendo las mejores pr\u00e1cticas con un fuerte enfoque en la prevenci\u00f3n y los planteamientos innovadores.<\/li>\n<li><strong>Investigaci\u00f3n y desarrollo:<br \/><\/strong>La Alianza apoya proyectos de investigaci\u00f3n sanitaria cuyo objetivo es mejorar la asistencia sanitaria y poner a disposici\u00f3n de los ciudadanos tratamientos nuevos y olvidados.<\/li>\n<li><strong>Creaci\u00f3n de redes:<br \/><\/strong>Crea una red de profesionales y organizaciones para promover el intercambio de conocimientos y experiencias con el fin de mejorar la medicina hol\u00edstica.<\/li>\n<li><strong>Influencia pol\u00edtica:<br \/><\/strong>SHA participa en el debate pol\u00edtico para influir en las condiciones marco del sistema sanitario. El objetivo es promover y establecer la medicina hol\u00edstica a nivel mundial sobre la base de la Carta de las Naciones Unidas y los principios de la Medicina Tradicional Internacional (MIT). <\/li>\n<\/ol>\n<p>[\/et_pb_text][\/et_pb_column][et_pb_column type=\u00bb1_2&#8243; _builder_version=\u00bb4.27.4&#8243; _module_preset=\u00bbdefault\u00bb global_colors_info=\u00bb{}\u00bb][et_pb_text _builder_version=\u00bb4.27.4&#8243; _module_preset=\u00bb95ea9a77-3c56-4815-8933-d445e57412be\u00bb header_2_font=\u00bbMontserrat|600|||||||\u00bb header_2_text_color=\u00bb#000000&#8243; header_2_font_size=\u00bb20px\u00bb global_colors_info=\u00bb{}\u00bb]<\/p>\n<h2 style=\"text-align: left;\">Visi\u00f3n<\/h2>\n<p style=\"text-align: left;\">El objetivo de esta misi\u00f3n no se limita a ayudar a mejorar las soluciones sanitarias existentes, sino que se centra en el cambio real: la prevenci\u00f3n y los enfoques hol\u00edsticos de la salud deben promoverse firmemente en la conciencia de la sociedad. El objetivo de todas las actividades es configurar la asistencia sanitaria en todo el mundo de forma que las soluciones sostenibles y a largo plazo para la salud duren toda la vida, con las personas en el centro. <\/p>\n<h2 style=\"text-align: left;\">Conclusi\u00f3n<\/h2>\n<p style=\"text-align: left;\">La Alianza Suiza para la Salud (AHS) es una instituci\u00f3n central que investiga y aplica m\u00e9todos innovadores que no se limitan a tratar los s\u00edntomas, sino que abordan las causas profundas de las enfermedades. Su objetivo es mejorar la eficiencia y la calidad de la asistencia sanitaria en todo el mundo reuniendo a diversas partes interesadas y promoviendo soluciones innovadoras. <\/p>\n<p style=\"text-align: left;\">\n<h2 style=\"text-align: left;\">Grupos destinatarios<\/h2>\n<ul style=\"text-align: left;\">\n<li><span>Proveedores de asistencia sanitaria<\/span>: hospitales, m\u00e9dicos y otros proveedores de asistencia sanitaria.<\/li>\n<li><span>Pacientes<\/span>: Organizaciones que representan los intereses de los pacientes.<\/li>\n<li><span>Responsables pol\u00edticos<\/span>: instituciones y autoridades del sector sanitario.<\/li>\n<\/ul>\n<p>[\/et_pb_text][et_pb_text _builder_version=\u00bb4.27.4&#8243; _module_preset=\u00bbdefault\u00bb global_colors_info=\u00bb{}\u00bb]<\/p>\n<p><strong><a href=\"https:\/\/sha-verein.com\/wp-content\/uploads\/2025\/10\/SHA_Kurzportrait.pdf\" target=\"_blank\" rel=\"noopener\">Retrato corto en PDF para descargar<\/a><\/strong><\/p>\n<p>[\/et_pb_text][\/et_pb_column][\/et_pb_row][\/et_pb_section]<\/p>\n","protected":false},"excerpt":{"rendered":"<p>Breve retrato de la Swiss-Health Alliance (CSA)La organizaci\u00f3n sanitaria mundial Swiss-Health Alliance (CSA) desempe\u00f1a un importante papel en la asistencia sanitaria internacional. He aqu\u00ed algunas de sus principales funciones y objetivos: Principales objetivos de la Alianza Suiza para la Salud (CSA) Fomento de la cooperaci\u00f3n:La alianza internacional promueve la cooperaci\u00f3n entre diversos agentes del sector [&hellip;]<\/p>\n","protected":false},"author":1,"featured_media":0,"parent":0,"menu_order":0,"comment_status":"closed","ping_status":"closed","template":"","meta":{"_acf_changed":false,"_et_pb_use_builder":"on","_et_pb_old_content":"","_et_gb_content_width":"","footnotes":""},"class_list":["post-230955","page","type-page","status-publish","hentry"],"acf":[],"_links":{"self":[{"href":"https:\/\/sha-verein.com\/es\/wp-json\/wp\/v2\/pages\/230955","targetHints":{"allow":["GET"]}}],"collection":[{"href":"https:\/\/sha-verein.com\/es\/wp-json\/wp\/v2\/pages"}],"about":[{"href":"https:\/\/sha-verein.com\/es\/wp-json\/wp\/v2\/types\/page"}],"author":[{"embeddable":true,"href":"https:\/\/sha-verein.com\/es\/wp-json\/wp\/v2\/users\/1"}],"replies":[{"embeddable":true,"href":"https:\/\/sha-verein.com\/es\/wp-json\/wp\/v2\/comments?post=230955"}],"version-history":[{"count":0,"href":"https:\/\/sha-verein.com\/es\/wp-json\/wp\/v2\/pages\/230955\/revisions"}],"wp:attachment":[{"href":"https:\/\/sha-verein.com\/es\/wp-json\/wp\/v2\/media?parent=230955"}],"curies":[{"name":"wp","href":"https:\/\/api.w.org\/{rel}","templated":true}]}}