{"id":230973,"date":"2025-09-18T09:45:25","date_gmt":"2025-09-18T09:45:25","guid":{"rendered":"https:\/\/sha-verein.com\/publicaciones\/"},"modified":"2025-10-20T13:44:09","modified_gmt":"2025-10-20T13:44:09","slug":"publicaciones","status":"publish","type":"page","link":"https:\/\/sha-verein.com\/es\/publicaciones\/","title":{"rendered":"Publicaciones"},"content":{"rendered":"<p>[et_pb_section fb_built=\u00bb1&#8243; _builder_version=\u00bb4.27.4&#8243; _module_preset=\u00bbe8bcbefb-408b-46fa-bb07-26f5aaef7992&#8243; background_image=\u00bbhttps:\/\/sha-verein.com\/wp-content\/uploads\/2025\/09\/49dfacb2-f857-4d07-ab80-815912f1336e.jpg\u00bb background_position=\u00bbbottom_center\u00bb background_vertical_offset=\u00bb82%\u00bb min_height=\u00bb275px\u00bb height=\u00bb275px\u00bb global_colors_info=\u00bb{}\u00bb][et_pb_row use_custom_gutter=\u00bbon\u00bb make_equal=\u00bbon\u00bb _builder_version=\u00bb4.27.4&#8243; _module_preset=\u00bb8daa54c2-3254-4673-a3a3-94498b2b6954&#8243; custom_padding=\u00bb55px||||false|false\u00bb global_colors_info=\u00bb{}\u00bb][et_pb_column type=\u00bb4_4&#8243; _builder_version=\u00bb4.27.4&#8243; _module_preset=\u00bb_initial\u00bb global_colors_info=\u00bb{}\u00bb][et_pb_text _builder_version=\u00bb4.27.4&#8243; _module_preset=\u00bb5d02ebe0-5c00-4804-b34e-b540249a66d2&#8243; global_colors_info=\u00bb{}\u00bb]<\/p>\n<h1>Publicaciones<\/h1>\n<p>[\/et_pb_text][\/et_pb_column][\/et_pb_row][\/et_pb_section][et_pb_section fb_built=\u00bb1&#8243; _builder_version=\u00bb4.27.4&#8243; _module_preset=\u00bb35b5801e-a7c9-4936-9b66-e5b5510d161a\u00bb global_colors_info=\u00bb{}\u00bb][et_pb_row _builder_version=\u00bb4.27.4&#8243; _module_preset=\u00bb_initial\u00bb custom_margin=\u00bb||||false|false\u00bb custom_margin_tablet=\u00bb30px||||false|false\u00bb custom_margin_phone=\u00bb30px||||false|false\u00bb custom_margin_last_edited=\u00bbon|tablet\u00bb global_colors_info=\u00bb{}\u00bb][et_pb_column type=\u00bb4_4&#8243; _builder_version=\u00bb4.27.4&#8243; _module_preset=\u00bb_initial\u00bb global_colors_info=\u00bb{}\u00bb][et_pb_text _builder_version=\u00bb4.27.4&#8243; _module_preset=\u00bb95ea9a77-3c56-4815-8933-d445e57412be\u00bb custom_margin_tablet=\u00bb0px||50px||false|false\u00bb global_colors_info=\u00bb{}\u00bb]<\/p>\n<p data-start=\"110\" data-end=\"360\" style=\"text-align: center;\">Nuestras publicaciones le permitir\u00e1n conocer en profundidad el trabajo, los objetivos y los valores de la <strong data-start=\"212\" data-end=\"243\">Alianza Suiza para la Salud (AHS<\/strong>).<br data-start=\"244\" data-end=\"247\">Aqu\u00ed encontrar\u00e1 una selecci\u00f3n de documentos en PDF que le informar\u00e1n sobre nuestros proyectos, avances y compromisos.<\/p>\n<p data-start=\"362\" data-end=\"500\" style=\"text-align: center;\">Nuestras publicaciones sirven para crear transparencia y ofrecerle una visi\u00f3n global de nuestra organizaci\u00f3n.<\/p>\n<p>[\/et_pb_text][\/et_pb_column][\/et_pb_row][et_pb_row column_structure=\u00bb1_2,1_2&#8243; _builder_version=\u00bb4.27.4&#8243; _module_preset=\u00bbdefault\u00bb global_colors_info=\u00bb{}\u00bb][et_pb_column type=\u00bb1_2&#8243; _builder_version=\u00bb4.27.4&#8243; _module_preset=\u00bbdefault\u00bb global_colors_info=\u00bb{}\u00bb][et_pb_text _builder_version=\u00bb4.27.4&#8243; _module_preset=\u00bb9e87d626-e30a-4846-87a2-07e68b0b5f45&#8243; global_colors_info=\u00bb{}\u00bb]<\/p>\n<p><a href=\"https:\/\/sha-verein.com\/wp-content\/uploads\/2025\/09\/SHA-Unternehmensphilosophie-September_2025-4.pdf\" target=\"_blank\" rel=\"noopener\">Filosof\u00eda corporativa de SHA. ARCHIVO PDF <\/a><\/p>\n<p>[\/et_pb_text][et_pb_text _builder_version=\u00bb4.27.4&#8243; _module_preset=\u00bb9e87d626-e30a-4846-87a2-07e68b0b5f45&#8243; global_colors_info=\u00bb{}\u00bb]<\/p>\n<p><a href=\"https:\/\/sha-verein.com\/wp-content\/uploads\/2025\/09\/CODE-OF-CONDUCT-DER-SWISS-HEALTH-ALLIANCE-SHA.pdf\" target=\"_blank\" rel=\"noopener\">C\u00f3digo de conducta del CSA. PDF <\/a><\/p>\n<p>[\/et_pb_text][et_pb_text _builder_version=\u00bb4.27.4&#8243; _module_preset=\u00bb9e87d626-e30a-4846-87a2-07e68b0b5f45&#8243; global_colors_info=\u00bb{}\u00bb]<\/p>\n<p><a href=\"https:\/\/sha-verein.com\/wp-content\/uploads\/2025\/09\/Investment-Analyse-einer-NGO-mit-globaler-Zielstrategie_Sept.-2025-1.pdf\" target=\"_blank\" rel=\"noopener\">An\u00e1lisis de la inversi\u00f3n en SHA de una ONG. ARCHIVO PDF <\/a><\/p>\n<p>[\/et_pb_text][et_pb_text _builder_version=\u00bb4.27.4&#8243; _module_preset=\u00bb9e87d626-e30a-4846-87a2-07e68b0b5f45&#8243; global_colors_info=\u00bb{}\u00bb]<\/p>\n<p><a href=\"https:\/\/sha-verein.com\/wp-content\/uploads\/2025\/09\/Swiss-Health-Alliance-Organigram.pdf\" target=\"_blank\" rel=\"noopener\">Organigrama del CSA. ARCHIVO PDF <\/a><\/p>\n<p>[\/et_pb_text][et_pb_text _builder_version=\u00bb4.27.4&#8243; _module_preset=\u00bb95ea9a77-3c56-4815-8933-d445e57412be\u00bb custom_margin=\u00bb15px||15px||true|false\u00bb global_colors_info=\u00bb{}\u00bb]<\/p>\n<p><a href=\"https:\/\/sha-verein.com\/wp-content\/uploads\/2025\/09\/91-SHA-Uebersicht-Gremien.pdf\" target=\"_blank\" rel=\"noopener\">Comit\u00e9s de Panorama del CSA. ARCHIVO PDF <\/a><\/p>\n<p>[\/et_pb_text][\/et_pb_column][et_pb_column type=\u00bb1_2&#8243; _builder_version=\u00bb4.27.4&#8243; _module_preset=\u00bbdefault\u00bb global_colors_info=\u00bb{}\u00bb][et_pb_text _builder_version=\u00bb4.27.4&#8243; _module_preset=\u00bb9e87d626-e30a-4846-87a2-07e68b0b5f45&#8243; global_colors_info=\u00bb{}\u00bb]<\/p>\n<p><a href=\"https:\/\/sha-verein.com\/wp-content\/uploads\/2025\/09\/SHA-Values-Broschuere-Mailversion-_Sept_2025-1.pdf\" target=\"_blank\" rel=\"noopener\">Folleto SHA. ARCHIVO PDF <\/a><\/p>\n<p>[\/et_pb_text][et_pb_text _builder_version=\u00bb4.27.4&#8243; _module_preset=\u00bb9e87d626-e30a-4846-87a2-07e68b0b5f45&#8243; global_colors_info=\u00bb{}\u00bb]<\/p>\n<p><a href=\"https:\/\/sha-verein.com\/wp-content\/uploads\/2025\/09\/SHA-Wellnes-Clinic-Deutsche-Version.pdf\" target=\"_blank\" rel=\"noopener\">Programa SHA Clinic. ARCHIVO PDF <\/a><\/p>\n<p>[\/et_pb_text][et_pb_text _builder_version=\u00bb4.27.4&#8243; _module_preset=\u00bb9e87d626-e30a-4846-87a2-07e68b0b5f45&#8243; global_colors_info=\u00bb{}\u00bb]<\/p>\n<p><a href=\"https:\/\/sha-verein.com\/wp-content\/uploads\/2025\/10\/Dokument_Nr.93_Naturrecht-1.pdf\" target=\"_blank\" rel=\"noopener\">SHA Ley Natural. PDF <\/a><\/p>\n<p>[\/et_pb_text][et_pb_text _builder_version=\u00bb4.27.4&#8243; _module_preset=\u00bb9e87d626-e30a-4846-87a2-07e68b0b5f45&#8243; hover_enabled=\u00bb0&#8243; global_colors_info=\u00bb{}\u00bb sticky_enabled=\u00bb0&#8243;]<\/p>\n<p><a href=\"https:\/\/sha-verein.com\/wp-content\/uploads\/2025\/10\/Kooperation-_SHA_OEKOPROCESS_-OEKOMARKETING_10.2025_MailVers.pdf\" target=\"_blank\" rel=\"noopener\">Lograr m\u00e1s juntos. PDF <\/a><\/p>\n<p>[\/et_pb_text][\/et_pb_column][\/et_pb_row][\/et_pb_section]<\/p>\n","protected":false},"excerpt":{"rendered":"<p>PublicacionesNuestras publicaciones le permitir\u00e1n conocer en profundidad el trabajo, los objetivos y los valores de la Alianza Suiza para la Salud (AHS).Aqu\u00ed encontrar\u00e1 una selecci\u00f3n de documentos en PDF que le informar\u00e1n sobre nuestros proyectos, avances y compromisos. Nuestras publicaciones sirven para crear transparencia y ofrecerle una visi\u00f3n global de nuestra organizaci\u00f3n.Filosof\u00eda corporativa de SHA. [&hellip;]<\/p>\n","protected":false},"author":1,"featured_media":0,"parent":0,"menu_order":0,"comment_status":"closed","ping_status":"closed","template":"","meta":{"_acf_changed":false,"_et_pb_use_builder":"on","_et_pb_old_content":"","_et_gb_content_width":"","footnotes":""},"class_list":["post-230973","page","type-page","status-publish","hentry"],"acf":[],"_links":{"self":[{"href":"https:\/\/sha-verein.com\/es\/wp-json\/wp\/v2\/pages\/230973","targetHints":{"allow":["GET"]}}],"collection":[{"href":"https:\/\/sha-verein.com\/es\/wp-json\/wp\/v2\/pages"}],"about":[{"href":"https:\/\/sha-verein.com\/es\/wp-json\/wp\/v2\/types\/page"}],"author":[{"embeddable":true,"href":"https:\/\/sha-verein.com\/es\/wp-json\/wp\/v2\/users\/1"}],"replies":[{"embeddable":true,"href":"https:\/\/sha-verein.com\/es\/wp-json\/wp\/v2\/comments?post=230973"}],"version-history":[{"count":0,"href":"https:\/\/sha-verein.com\/es\/wp-json\/wp\/v2\/pages\/230973\/revisions"}],"wp:attachment":[{"href":"https:\/\/sha-verein.com\/es\/wp-json\/wp\/v2\/media?parent=230973"}],"curies":[{"name":"wp","href":"https:\/\/api.w.org\/{rel}","templated":true}]}}