{"id":73262,"date":"2025-05-22T10:24:57","date_gmt":"2025-05-22T10:24:57","guid":{"rendered":"https:\/\/sha-verein.com\/noticias\/"},"modified":"2025-10-20T13:44:09","modified_gmt":"2025-10-20T13:44:09","slug":"noticias","status":"publish","type":"page","link":"https:\/\/sha-verein.com\/es\/noticias\/","title":{"rendered":"Noticias"},"content":{"rendered":"<p>[et_pb_section fb_built=\u00bb1&#8243; _builder_version=\u00bb4.27.4&#8243; _module_preset=\u00bbe8bcbefb-408b-46fa-bb07-26f5aaef7992&#8243; background_image=\u00bbhttps:\/\/sha-verein.com\/wp-content\/uploads\/2025\/09\/a222fe16-9884-4d8b-973c-bdec2f409b56.jpg\u00bb background_position=\u00bbbottom_center\u00bb background_vertical_offset=\u00bb61%\u00bb hover_enabled=\u00bb0&#8243; global_colors_info=\u00bb{}\u00bb alt=\u00bba222fe16-9884-4d8b-973c-bdec2f409b56&#8243; title_text=\u00bba222fe16-9884-4d8b-973c-bdec2f409b56&#8243; sticky_enabled=\u00bb0&#8243;][et_pb_row _builder_version=\u00bb4.27.4&#8243; _module_preset=\u00bb8daa54c2-3254-4673-a3a3-94498b2b6954&#8243; global_colors_info=\u00bb{}\u00bb][et_pb_column type=\u00bb4_4&#8243; _builder_version=\u00bb4.27.4&#8243; _module_preset=\u00bbdefault\u00bb global_colors_info=\u00bb{}\u00bb][et_pb_text _builder_version=\u00bb4.27.4&#8243; _module_preset=\u00bb5d02ebe0-5c00-4804-b34e-b540249a66d2&#8243; global_colors_info=\u00bb{}\u00bb]<\/p>\n<h1>Mant\u00e9ngase informado<\/h1>\n<p>[\/et_pb_text][et_pb_text _builder_version=\u00bb4.27.4&#8243; _module_preset=\u00bb9c5ead95-d3e4-4bf3-bef8-32d93e54f069&#8243; global_colors_info=\u00bb{}\u00bb]<\/p>\n<h2>Por un futuro m\u00e1s saludable<\/h2>\n<p>[\/et_pb_text][\/et_pb_column][\/et_pb_row][\/et_pb_section][et_pb_section fb_built=\u00bb1&#8243; _builder_version=\u00bb4.27.4&#8243; _module_preset=\u00bb35b5801e-a7c9-4936-9b66-e5b5510d161a\u00bb custom_padding=\u00bb40px||||false|false\u00bb global_colors_info=\u00bb{}\u00bb][et_pb_row custom_padding_last_edited=\u00bbon|phone\u00bb _builder_version=\u00bb4.27.4&#8243; _module_preset=\u00bbdefault\u00bb custom_padding_tablet=\u00bb\u00bb custom_padding_phone=\u00bb0px||20px||false|false\u00bb global_colors_info=\u00bb{}\u00bb][et_pb_column type=\u00bb4_4&#8243; _builder_version=\u00bb4.27.4&#8243; _module_preset=\u00bbdefault\u00bb global_colors_info=\u00bb{}\u00bb][et_pb_text _builder_version=\u00bb4.27.4&#8243; _module_preset=\u00bb95ea9a77-3c56-4815-8933-d445e57412be\u00bb global_colors_info=\u00bb{}\u00bb]<\/p>\n<p>En esta p\u00e1gina encontrar\u00e1 noticias actuales, desarrollos interesantes e importantes comunicados relacionados con nuestra organizaci\u00f3n mundial de la salud. Ya sean nuevos proyectos, informes de prensa, eventos o informaci\u00f3n general, aqu\u00ed le mantendremos siempre al d\u00eda. <\/p>\n<p>[\/et_pb_text][\/et_pb_column][\/et_pb_row][et_pb_row column_structure=\u00bb2_3,1_3&#8243; _builder_version=\u00bb4.27.4&#8243; _module_preset=\u00bbdefault\u00bb background_color=\u00bbRGBA(255,255,255,0)\u00bb min_height_tablet=\u00bb\u00bb min_height_phone=\u00bb\u00bb min_height_last_edited=\u00bbon|phone\u00bb height_tablet=\u00bb\u00bb height_phone=\u00bb\u00bb height_last_edited=\u00bbon|phone\u00bb global_colors_info=\u00bb{}\u00bb][et_pb_column type=\u00bb2_3&#8243; _builder_version=\u00bb4.27.4&#8243; _module_preset=\u00bbdefault\u00bb global_colors_info=\u00bb{}\u00bb][et_pb_blog posts_number=\u00bb1&#8243; excerpt_length=\u00bb120&#8243; _builder_version=\u00bb4.27.4&#8243; _module_preset=\u00bb1f7151b5-2c57-4279-b323-cc37bf767b03&#8243; custom_margin_tablet=\u00bb||-150px||false|false\u00bb custom_margin_phone=\u00bb||-350px||false|false\u00bb custom_margin_last_edited=\u00bbon|phone\u00bb global_colors_info=\u00bb{}\u00bb][\/et_pb_blog][et_pb_blog posts_number=\u00bb1&#8243; excerpt_length=\u00bb120&#8243; offset_number=\u00bb1&#8243; _builder_version=\u00bb4.27.4&#8243; _module_preset=\u00bb1f7151b5-2c57-4279-b323-cc37bf767b03&#8243; custom_margin_tablet=\u00bb||-250px||false|false\u00bb custom_margin_phone=\u00bb||-250px||false|false\u00bb custom_margin_last_edited=\u00bbon|tablet\u00bb custom_padding=\u00bb0px|40px|10px|40px|false|true\u00bb global_colors_info=\u00bb{}\u00bb][\/et_pb_blog][\/et_pb_column][et_pb_column type=\u00bb1_3&#8243; disabled_on=\u00bbon|on|off\u00bb _builder_version=\u00bb4.27.4&#8243; _module_preset=\u00bbdefault\u00bb border_color_all=\u00bbRGBA(255,255,255,0)\u00bb global_colors_info=\u00bb{}\u00bb][et_pb_blog posts_number=\u00bb12&#8243; excerpt_length=\u00bb120&#8243; show_more=\u00bbon\u00bb show_author=\u00bboff\u00bb show_categories=\u00bboff\u00bb show_pagination=\u00bboff\u00bb offset_number=\u00bb2&#8243; _builder_version=\u00bb4.27.4&#8243; _module_preset=\u00bbdefault\u00bb header_font=\u00bbMontserrat|600|||||||\u00bb header_text_color=\u00bb#000000&#8243; header_font_size=\u00bb20px\u00bb body_font=\u00bbMontserrat|500|||||||\u00bb body_text_color=\u00bb#000000&#8243; meta_font=\u00bbMontserrat||||||||\u00bb meta_font_size=\u00bb13px\u00bb meta_line_height=\u00bb1.6em\u00bb read_more_text_color=\u00bb#1a82c5&#8243; read_more_font_size=\u00bb15px\u00bb background_color=\u00bb#e8e8e8&#8243; custom_padding=\u00bb40px|40px|40px|40px|true|true\u00bb border_width_all_fullwidth=\u00bb2px\u00bb border_color_all_fullwidth=\u00bb#1a82c5&#8243; global_colors_info=\u00bb{}\u00bb][\/et_pb_blog][\/et_pb_column][\/et_pb_row][\/et_pb_section]<\/p>\n","protected":false},"excerpt":{"rendered":"<p>Mant\u00e9ngase informadoPor un futuro m\u00e1s saludableEn esta p\u00e1gina encontrar\u00e1 noticias actuales, desarrollos interesantes e importantes comunicados relacionados con nuestra organizaci\u00f3n mundial de la salud. Ya sean nuevos proyectos, informes de prensa, eventos o informaci\u00f3n general, aqu\u00ed le mantendremos siempre al d\u00eda.<\/p>\n","protected":false},"author":1,"featured_media":0,"parent":0,"menu_order":0,"comment_status":"closed","ping_status":"closed","template":"","meta":{"_acf_changed":false,"_et_pb_use_builder":"on","_et_pb_old_content":"","_et_gb_content_width":"","footnotes":""},"class_list":["post-73262","page","type-page","status-publish","hentry"],"acf":[],"_links":{"self":[{"href":"https:\/\/sha-verein.com\/es\/wp-json\/wp\/v2\/pages\/73262","targetHints":{"allow":["GET"]}}],"collection":[{"href":"https:\/\/sha-verein.com\/es\/wp-json\/wp\/v2\/pages"}],"about":[{"href":"https:\/\/sha-verein.com\/es\/wp-json\/wp\/v2\/types\/page"}],"author":[{"embeddable":true,"href":"https:\/\/sha-verein.com\/es\/wp-json\/wp\/v2\/users\/1"}],"replies":[{"embeddable":true,"href":"https:\/\/sha-verein.com\/es\/wp-json\/wp\/v2\/comments?post=73262"}],"version-history":[{"count":0,"href":"https:\/\/sha-verein.com\/es\/wp-json\/wp\/v2\/pages\/73262\/revisions"}],"wp:attachment":[{"href":"https:\/\/sha-verein.com\/es\/wp-json\/wp\/v2\/media?parent=73262"}],"curies":[{"name":"wp","href":"https:\/\/api.w.org\/{rel}","templated":true}]}}