{"id":73278,"date":"2025-05-16T16:00:29","date_gmt":"2025-05-16T16:00:29","guid":{"rendered":"https:\/\/sha-verein.com\/valores-sha\/"},"modified":"2025-10-20T13:43:08","modified_gmt":"2025-10-20T13:43:08","slug":"valores-sha","status":"publish","type":"page","link":"https:\/\/sha-verein.com\/es\/valores-sha\/","title":{"rendered":"Valores del CSA \u2013 Los valores de la Swiss-Health Alliance (CSA)"},"content":{"rendered":"<p>[et_pb_section fb_built=\u00bb1&#8243; _builder_version=\u00bb4.27.4&#8243; _module_preset=\u00bbe8bcbefb-408b-46fa-bb07-26f5aaef7992&#8243; background_image=\u00bbhttps:\/\/sha-verein.com\/wp-content\/uploads\/2025\/09\/Hintergrundbild-Strand.png\u00bb background_position=\u00bbbottom_center\u00bb background_vertical_offset=\u00bb63%\u00bb global_colors_info=\u00bb{}\u00bb][et_pb_row _builder_version=\u00bb4.27.4&#8243; _module_preset=\u00bb8daa54c2-3254-4673-a3a3-94498b2b6954&#8243; global_colors_info=\u00bb{}\u00bb][et_pb_column type=\u00bb4_4&#8243; _builder_version=\u00bb4.27.4&#8243; _module_preset=\u00bbdefault\u00bb global_colors_info=\u00bb{}\u00bb][et_pb_text _builder_version=\u00bb4.27.4&#8243; _module_preset=\u00bb5d02ebe0-5c00-4804-b34e-b540249a66d2&#8243; global_colors_info=\u00bb{}\u00bb]<\/p>\n<h1>El esp\u00edritu de Swiss Health Alliance (CSA)<\/h1>\n<p>[\/et_pb_text][et_pb_text _builder_version=\u00bb4.27.4&#8243; _module_preset=\u00bb9c5ead95-d3e4-4bf3-bef8-32d93e54f069&#8243; global_colors_info=\u00bb{}\u00bb]<\/p>\n<h2>Descubra lo que su coraz\u00f3n ya sabe<\/h2>\n<p>[\/et_pb_text][\/et_pb_column][\/et_pb_row][\/et_pb_section][et_pb_section fb_built=\u00bb1&#8243; _builder_version=\u00bb4.27.4&#8243; _module_preset=\u00bb35b5801e-a7c9-4936-9b66-e5b5510d161a\u00bb global_colors_info=\u00bb{}\u00bb][et_pb_row _builder_version=\u00bb4.27.4&#8243; _module_preset=\u00bbdefault\u00bb global_colors_info=\u00bb{}\u00bb][et_pb_column type=\u00bb4_4&#8243; _builder_version=\u00bb4.27.4&#8243; _module_preset=\u00bbdefault\u00bb global_colors_info=\u00bb{}\u00bb][et_pb_image src=\u00bbhttps:\/\/sha-verein.com\/wp-content\/uploads\/2025\/05\/Design-ohne-Titel-8-1-scaled-scaled.webp\u00bb alt=\u00bbDise\u00f1o sin t\u00edtulo 8 1 a escala a escala\u00bb title_text=\u00bbDise\u00f1o sin t\u00edtulo 8 1 a escala a escala\u00bb _builder_version=\u00bb4.27.4&#8243; _module_preset=\u00bb953bd442-e6dc-45ee-a341-da03b4568070&#8243; width=\u00bb15%\u00bb width_tablet=\u00bb25%\u00bb max_width=\u00bb15%\u00bb max_width_tablet=\u00bb25%\u00bb global_colors_info=\u00bb{}\u00bb][\/et_pb_image][\/et_pb_column][\/et_pb_row][et_pb_row column_structure=\u00bb1_2,1_2&#8243; _builder_version=\u00bb4.27.4&#8243; _module_preset=\u00bbdefault\u00bb module_alignment=\u00bbcenter\u00bb global_colors_info=\u00bb{}\u00bb][et_pb_column type=\u00bb1_2&#8243; _builder_version=\u00bb4.27.4&#8243; _module_preset=\u00bbdefault\u00bb global_colors_info=\u00bb{}\u00bb][et_pb_text _builder_version=\u00bb4.27.4&#8243; _module_preset=\u00bb95ea9a77-3c56-4815-8933-d445e57412be\u00bb global_colors_info=\u00bb{}\u00bb]<\/p>\n<p style=\"text-align: left;\">Sum\u00e9rjase en el mundo de los valores de Swiss-Health Alliance (CSA). Forme parte de nuestra comunidad y de nuestra visi\u00f3n hol\u00edstica de los valores, con ra\u00edces en nuestras tradiciones, en nuestra historia y en nuestra identidad cercana a la naturaleza. <\/p>\n<p style=\"text-align: left;\">Para nosotros, la salud comienza con el nacimiento en una estructura familiar sana, que se encuentra en una comunidad sana de diferentes generaciones. Esto hace posible que crezcamos con fundamentos naturales para la vida, descubriendo y promoviendo nuestros talentos y dones. Eso es para nosotros la humanidad.  <\/p>\n<p style=\"text-align: left;\">Son los valores los que dan forma a la imagen de una cultura y los que nos permiten reconocer qu\u00e9 y qui\u00e9n se valora en una sociedad. Definen el criterio para las decisiones y las acciones de las personas. Nos permiten reconocer qu\u00e9 caracter\u00edsticas tienen las personas y las organizaciones y hacia d\u00f3nde deben orientar sus acciones. De ello se derivan, en consecuencia, los fundamentos de la gesti\u00f3n de valores de una sociedad y de la cultura de un colectivo.   <\/p>\n<p style=\"text-align: left;\">Los valores y actitudes compartidos son el pegamento de una comunidad. A partir de esto, se puede reconocer la cultura de una sociedad y expresar el capital intelectual. Los valores son ideas, orientaciones y comportamientos a los que las personas se adhieren en un colectivo y que consideran significativos, buenos y, por lo tanto, deseables.  <\/p>\n<p>[\/et_pb_text][\/et_pb_column][et_pb_column type=\u00bb1_2&#8243; _builder_version=\u00bb4.27.4&#8243; _module_preset=\u00bbdefault\u00bb global_colors_info=\u00bb{}\u00bb][et_pb_text _builder_version=\u00bb4.27.4&#8243; _module_preset=\u00bb95ea9a77-3c56-4815-8933-d445e57412be\u00bb global_colors_info=\u00bb{}\u00bb]<\/p>\n<p style=\"text-align: left;\">Los valores crean una identidad sociocultural y una cohesi\u00f3n correspondiente. A trav\u00e9s de un sistema de valores vivido como \u201cesp\u00edritu\u201d de una sociedad, se puede percibir el \u201calma\u201d como expresi\u00f3n de la actitud y el comercio de las personas dentro de su \u201ccuerpo\u201d \u2013 la sociedad misma. <\/p>\n<p style=\"text-align: left;\">El erudito, estadista y cofundador de la Universidad de Berl\u00edn alem\u00e1n, Wilhelm von Humboldt (1767-1835), acu\u00f1\u00f3 una vez la frase: \u201cEn el fondo, son las conexiones con las personas las que dan valor a la vida.\u201d<\/p>\n<p style=\"text-align: left;\">Podemos cambiarnos a nosotros mismos y al mundo si reconocemos que estamos conectados con todo y que nuestras acciones tienen una influencia en todo. As\u00ed surgen nuevas perspectivas y nuestra relaci\u00f3n con la vida cambia por completo. Entramos en relaci\u00f3n y nos experimentamos como parte de la creaci\u00f3n y de la familia humana. Esto crea el caldo de cultivo para la innovaci\u00f3n y un trato responsable con nuestro espacio vital y con las personas que se nos conf\u00edan.   <\/p>\n<p style=\"text-align: left;\">A trav\u00e9s de s\u00f3lidas asociaciones y un enfoque hol\u00edstico, ofrecemos a nuestros miembros un acceso exclusivo a proyectos, conocimientos, productos y ofertas.<\/p>\n<p>[\/et_pb_text][\/et_pb_column][\/et_pb_row][et_pb_row column_structure=\u00bb1_3,1_3,1_3&#8243; gutter_width=\u00bb2&#8243; _builder_version=\u00bb4.27.4&#8243; _module_preset=\u00bb2253c707-3557-4405-addb-634574a104dc\u00bb custom_margin=\u00bb|0px||0px|false|false\u00bb custom_margin_tablet=\u00bb40px|0px||0px|false|false\u00bb custom_margin_phone=\u00bb40px|0px||0px|false|false\u00bb custom_margin_last_edited=\u00bbon|tablet\u00bb custom_padding=\u00bb0px|0px||0px|false|false\u00bb global_colors_info=\u00bb{}\u00bb][et_pb_column type=\u00bb1_3&#8243; _builder_version=\u00bb4.27.4&#8243; _module_preset=\u00bb90b9a56f-2e8b-4dce-9edc-2045006acb84&#8243; global_colors_info=\u00bb{}\u00bb][et_pb_image src=\u00bbhttps:\/\/sha-verein.com\/wp-content\/uploads\/2025\/05\/1-1.webp\u00bb alt=\u00bb1 1&#8243; title_text=\u00bb1 1&#8243; _builder_version=\u00bb4.27.4&#8243; _module_preset=\u00bb953bd442-e6dc-45ee-a341-da03b4568070&#8243; global_colors_info=\u00bb{}\u00bb][\/et_pb_image][et_pb_text _builder_version=\u00bb4.27.4&#8243; _module_preset=\u00bb95ea9a77-3c56-4815-8933-d445e57412be\u00bb header_3_text_color=\u00bb#000000&#8243; header_3_font_size=\u00bb23px\u00bb header_3_line_height=\u00bb1.7em\u00bb custom_margin=\u00bb||0px||false|false\u00bb global_colors_info=\u00bb{}\u00bb]<\/p>\n<h3 style=\"text-align: left;\">Nuestro \u00e1rea de miembros<\/h3>\n<p>[\/et_pb_text][et_pb_text _builder_version=\u00bb4.27.4&#8243; _module_preset=\u00bb95ea9a77-3c56-4815-8933-d445e57412be\u00bb header_3_text_color=\u00bb#000000&#8243; header_3_font_size=\u00bb23px\u00bb header_3_line_height=\u00bb1.7em\u00bb header_5_font=\u00bbMontserrat||||||||\u00bb header_5_text_color=\u00bb#000000&#8243; custom_margin=\u00bb||0px||false|false\u00bb custom_padding=\u00bb||||false|false\u00bb global_colors_info=\u00bb{}\u00bb]<\/p>\n<h5 style=\"text-align: left;\">Ofertas de ayuda \u00a6 Comunidades \u00a6 Aprendizaje<\/h5>\n<p>[\/et_pb_text][et_pb_divider _builder_version=\u00bb4.27.4&#8243; _module_preset=\u00bbdefault\u00bb global_colors_info=\u00bb{}\u00bb][\/et_pb_divider][et_pb_image src=\u00bbhttps:\/\/sha-verein.com\/wp-content\/uploads\/2025\/09\/3-1.png\u00bb alt=\u00bb3&#8243; title_text=\u00bb3&#8243; _builder_version=\u00bb4.27.4&#8243; _module_preset=\u00bbdefault\u00bb global_colors_info=\u00bb{}\u00bb][\/et_pb_image][et_pb_text _builder_version=\u00bb4.27.4&#8243; _module_preset=\u00bb95ea9a77-3c56-4815-8933-d445e57412be\u00bb global_colors_info=\u00bb{}\u00bb]<\/p>\n<p style=\"text-align: left;\">El n\u00facleo y la fuerza de una sociedad es la familia y los ni\u00f1os que crecen a partir de ella. Pero, \u00bfc\u00f3mo formamos una familia? \u00bfA qu\u00e9 hay que prestar atenci\u00f3n? \u00bfQu\u00e9 puede ayudarnos? \u00bfQu\u00e9 es importante para que la familia no se vea sobrecargada? \u00bfQu\u00e9 necesitan las familias hoy en este mundo cambiante?     <\/p>\n<p style=\"text-align: left;\">Hoy en d\u00eda se sabe mucho, y nosotros ayudamos a difundirlo y a crear nuevas estructuras que tengan en cuenta estas preguntas y las experiencias adquiridas. Nos comprometemos en el \u00e1mbito de las nuevas formas de vivienda que deben conectar generaciones y fomentar nuevas comunidades. <\/p>\n<p style=\"text-align: left;\">\u00bfQu\u00e9 necesitan nuestros hijos para las escuelas? \u00bfC\u00f3mo podemos fomentar la creatividad, el ingenio, la fantas\u00eda y la comprensi\u00f3n de los valores? \u00bfC\u00f3mo se puede desarrollar la conciencia de un trato responsable con la vida, la salud y nuestro espacio vital? \u00bfC\u00f3mo pueden las escuelas satisfacer las exigencias de una sociedad din\u00e1mica? Ayudamos a conectar a estas personas y a crear un entorno de aprendizaje hol\u00edstico y orientado a las necesidades. Nuestros socios se enfrentan a estas y otras preguntas.     <\/p>\n<p>[\/et_pb_text][et_pb_text _builder_version=\u00bb4.27.4&#8243; _module_preset=\u00bbf31c175b-5333-4657-9de0-c443cc85b624&#8243; global_colors_info=\u00bb{}\u00bb]<\/p>\n<ul>\n<li>Escuelas privadas \/ Direcci\u00f3n escolar, profesorado<\/li>\n<li>Profesiones sanitarias independientes<\/li>\n<li>Cooperativas y empresas orientadas a la bioconstrucci\u00f3n<\/li>\n<li>M\u00e9dicos de una medicina hol\u00edstica<\/li>\n<li>Ofertas de ayuda familiar<\/li>\n<li>Fabricantes de productos naturales y sanitarios libres de sustancias nocivas<\/li>\n<li>Fabricantes de remedios naturales de alta calidad<\/li>\n<li>Desarrollador innovador de m\u00e9todos de ense\u00f1anza favorables<\/li>\n<li>Mentores orientados a los valores para el desarrollo de la personalidad y la formaci\u00f3n del car\u00e1cter<\/li>\n<li>etc.<\/li>\n<\/ul>\n<p>[\/et_pb_text][\/et_pb_column][et_pb_column type=\u00bb1_3&#8243; _builder_version=\u00bb4.27.4&#8243; _module_preset=\u00bb90b9a56f-2e8b-4dce-9edc-2045006acb84&#8243; global_colors_info=\u00bb{}\u00bb][et_pb_image src=\u00bbhttps:\/\/sha-verein.com\/wp-content\/uploads\/2025\/05\/Design-ohne-Titel-9.webp\u00bb alt=\u00bbDise\u00f1o sin t\u00edtulo 9&#8243; title_text=\u00bbDise\u00f1o sin t\u00edtulo 9&#8243; _builder_version=\u00bb4.27.4&#8243; _module_preset=\u00bb953bd442-e6dc-45ee-a341-da03b4568070&#8243; global_colors_info=\u00bb{}\u00bb][\/et_pb_image][et_pb_text _builder_version=\u00bb4.27.4&#8243; _module_preset=\u00bb95ea9a77-3c56-4815-8933-d445e57412be\u00bb header_3_text_color=\u00bb#000000&#8243; header_3_font_size=\u00bb23px\u00bb header_3_line_height=\u00bb1.7em\u00bb custom_margin=\u00bb||0px||false|false\u00bb global_colors_info=\u00bb{}\u00bb]<\/p>\n<h3 style=\"text-align: left;\">Participaci\u00f3n<\/h3>\n<p>[\/et_pb_text][et_pb_text _builder_version=\u00bb4.27.4&#8243; _module_preset=\u00bb95ea9a77-3c56-4815-8933-d445e57412be\u00bb header_3_text_color=\u00bb#000000&#8243; header_3_font_size=\u00bb23px\u00bb header_3_line_height=\u00bb1.7em\u00bb header_5_font=\u00bbMontserrat||||||||\u00bb header_5_text_color=\u00bb#000000&#8243; custom_margin=\u00bb||0px||false|false\u00bb custom_padding=\u00bb||||false|false\u00bb global_colors_info=\u00bb{}\u00bb]<\/p>\n<h5 style=\"text-align: left;\">Recibir \u00a6 Investigar \u00a6 Dialogar<\/h5>\n<p>[\/et_pb_text][et_pb_divider _builder_version=\u00bb4.27.4&#8243; _module_preset=\u00bbdefault\u00bb global_colors_info=\u00bb{}\u00bb][\/et_pb_divider][et_pb_image src=\u00bbhttps:\/\/sha-verein.com\/wp-content\/uploads\/2025\/09\/2-1.png\u00bb alt=\u00bb2&#8243; title_text=\u00bb2&#8243; _builder_version=\u00bb4.27.4&#8243; _module_preset=\u00bbdefault\u00bb global_colors_info=\u00bb{}\u00bb][\/et_pb_image][et_pb_text _builder_version=\u00bb4.27.4&#8243; _module_preset=\u00bb95ea9a77-3c56-4815-8933-d445e57412be\u00bb global_colors_info=\u00bb{}\u00bb]<\/p>\n<p style=\"text-align: left;\">En suelos sanos crece una cultura sana. Esto incluye tradiciones, rituales comunitarios, artesan\u00edas antiguas y, en tiempos de desaf\u00edos clim\u00e1ticos, tambi\u00e9n semillas adaptadas al lugar para un futuro alimentario descentralizado. <\/p>\n<p style=\"text-align: left;\">Para ello, se necesitan alimentos libres de sustancias nocivas y factores perjudiciales para la salud, una ganader\u00eda y piscicultura sanas, as\u00ed como el fomento de una econom\u00eda de 3 campos que construya el suelo en la agricultura. Porque sin alimentos no hay vida, sin vida no hay suelos sanos y sin suelos sanos no hay personas sanas y creativas. <\/p>\n<p style=\"text-align: left;\">Precisamente aqu\u00ed, nuestros miembros experimentan y nuestros socios demuestran lo importante que es un enfoque hol\u00edstico de la salud para la SHA.<\/p>\n<p style=\"text-align: left;\">Invitamos a nuestros miembros y socios a participar en uno de nuestros numerosos eventos o a ayudar activamente en la protecci\u00f3n de valiosos bienes culturales y artesan\u00edas. Adem\u00e1s, ofrecemos a nuestros miembros y socios la posibilidad de conocer los proyectos de investigaci\u00f3n actuales y sus resultados. Consideramos que es un requisito indispensable, en el sentido de un proceso de desarrollo conforme a la creaci\u00f3n y orientado al futuro, conectar \u00e1reas de investigaci\u00f3n hasta ahora separadas y hacerlas accesibles y utilizables para todos.  <\/p>\n<p>[\/et_pb_text][et_pb_text _builder_version=\u00bb4.27.4&#8243; _module_preset=\u00bbf31c175b-5333-4657-9de0-c443cc85b624&#8243; global_colors_info=\u00bb{}\u00bb]<\/p>\n<ul>\n<li>Empresas artesanales con modelos de cooperaci\u00f3n transfronterizos<\/li>\n<li>Agricultores innovadores, agricultores de hierbas biol\u00f3gicas<\/li>\n<li>Empresas de semillas orientadas biol\u00f3gicamente y conformes a la creaci\u00f3n<\/li>\n<li>Ganaderos y piscicultores innovadores<\/li>\n<li>Empresas de arte y cultura<\/li>\n<li>Investigaci\u00f3n de frecuencias, sonido y audio<\/li>\n<li>Ciencia de la informaci\u00f3n<\/li>\n<li>Bioelectricidad<\/li>\n<li>Medicina fractal<\/li>\n<li>La vida natural teniendo en cuenta los criterios de la biolog\u00eda de la construcci\u00f3n<\/li>\n<li>Desarrollo de tecnolog\u00edas innovadoras y proyectos de investigaci\u00f3n (medicina, medio ambiente, t\u00e9cnica)<\/li>\n<li>etc.<\/li>\n<\/ul>\n<p>[\/et_pb_text][\/et_pb_column][et_pb_column type=\u00bb1_3&#8243; _builder_version=\u00bb4.27.4&#8243; _module_preset=\u00bb90b9a56f-2e8b-4dce-9edc-2045006acb84&#8243; global_colors_info=\u00bb{}\u00bb][et_pb_image src=\u00bbhttps:\/\/sha-verein.com\/wp-content\/uploads\/2025\/05\/3-1.webp\u00bb alt=\u00bb3 1&#8243; title_text=\u00bb3 1&#8243; _builder_version=\u00bb4.27.4&#8243; _module_preset=\u00bb953bd442-e6dc-45ee-a341-da03b4568070&#8243; global_colors_info=\u00bb{}\u00bb][\/et_pb_image][et_pb_text _builder_version=\u00bb4.27.4&#8243; _module_preset=\u00bb95ea9a77-3c56-4815-8933-d445e57412be\u00bb header_3_text_color=\u00bb#000000&#8243; header_3_font_size=\u00bb23px\u00bb header_3_line_height=\u00bb1.7em\u00bb custom_margin=\u00bb||0px||false|false\u00bb global_colors_info=\u00bb{}\u00bb]<\/p>\n<h3 style=\"text-align: left;\">Cambio<\/h3>\n<p>[\/et_pb_text][et_pb_text _builder_version=\u00bb4.27.4&#8243; _module_preset=\u00bb95ea9a77-3c56-4815-8933-d445e57412be\u00bb header_3_text_color=\u00bb#000000&#8243; header_3_font_size=\u00bb23px\u00bb header_3_line_height=\u00bb1.7em\u00bb header_5_font=\u00bbMontserrat||||||||\u00bb header_5_text_color=\u00bb#000000&#8243; custom_margin=\u00bb||0px||false|false\u00bb custom_padding=\u00bb||||false|false\u00bb global_colors_info=\u00bb{}\u00bb]<\/p>\n<h5 style=\"text-align: left;\">Gesti\u00f3n de las relaciones \u00a6 Innovaci\u00f3n<\/h5>\n<p>[\/et_pb_text][et_pb_divider _builder_version=\u00bb4.27.4&#8243; _module_preset=\u00bbdefault\u00bb global_colors_info=\u00bb{}\u00bb][\/et_pb_divider][et_pb_image src=\u00bbhttps:\/\/sha-verein.com\/wp-content\/uploads\/2025\/09\/1-1.png\u00bb alt=\u00bb1&#8243; title_text=\u00bb1&#8243; _builder_version=\u00bb4.27.4&#8243; _module_preset=\u00bbdefault\u00bb global_colors_info=\u00bb{}\u00bb][\/et_pb_image][et_pb_text _builder_version=\u00bb4.27.4&#8243; _module_preset=\u00bb95ea9a77-3c56-4815-8933-d445e57412be\u00bb hover_enabled=\u00bb0&#8243; global_colors_info=\u00bb{}\u00bb sticky_enabled=\u00bb0&#8243;]<\/p>\n<p style=\"text-align: left;\">La creaci\u00f3n est\u00e1 construida con tanto \u00e9xito porque ha sido dotada de la capacidad inteligente de cooperar. Esto se entiende de tal manera que est\u00e1 relacionada con muchas m\u00e1s cosas de las que pens\u00e1bamos. Esto no s\u00f3lo lo confirman la investigaci\u00f3n moderna y la f\u00edsica cu\u00e1ntica, sino tambi\u00e9n muchos campos cient\u00edficos como la f\u00edsica, la ciencia de la informaci\u00f3n y otros temas a veces descuidados.  <\/p>\n<p style=\"text-align: left;\">Y como tambi\u00e9n necesitaremos en el futuro empresarios y empresarias con visi\u00f3n de futuro, creamos una Academy que se dedica al tema de la cooperaci\u00f3n y el bonding. Esta crea un caldo de cultivo para una nueva generaci\u00f3n de empresarias y empresarios que han encontrado en la SHA un socio abierto y orientado al futuro. <\/p>\n<p style=\"text-align: left;\">A trav\u00e9s de la creaci\u00f3n de redes y las asociaciones, generamos un entorno de innovaci\u00f3n y co-creaci\u00f3n, donde las personas pueden reunir sus experiencias e ideas y desarrollarlas y realizarlas con nuestro apoyo.<\/p>\n<p>[\/et_pb_text][et_pb_text _builder_version=\u00bb4.27.4&#8243; _module_preset=\u00bbf31c175b-5333-4657-9de0-c443cc85b624&#8243; global_colors_info=\u00bb{}\u00bb]<\/p>\n<ul>\n<li>Empresarios hol\u00edsticos<\/li>\n<li>Casas de seminarios y formaci\u00f3n<\/li>\n<li>Instituciones de investigaci\u00f3n<\/li>\n<li>Neurociencia<\/li>\n<li>Econom\u00eda circular<\/li>\n<li>Econom\u00eda del bien com\u00fan<\/li>\n<li>Inversores interesados en formas de vivienda hol\u00edsticas y saludables<\/li>\n<li>Universidades y academias internacionales<\/li>\n<li>etc.<\/li>\n<\/ul>\n<p>[\/et_pb_text][\/et_pb_column][\/et_pb_row][et_pb_row _builder_version=\u00bb4.27.4&#8243; _module_preset=\u00bbdefault\u00bb custom_margin=\u00bb||||false|false\u00bb custom_margin_tablet=\u00bb40px||40px||true|false\u00bb custom_margin_phone=\u00bb40px||40px||true|false\u00bb custom_margin_last_edited=\u00bbon|tablet\u00bb global_colors_info=\u00bb{}\u00bb][et_pb_column type=\u00bb4_4&#8243; _builder_version=\u00bb4.27.4&#8243; _module_preset=\u00bbdefault\u00bb global_colors_info=\u00bb{}\u00bb][et_pb_text _builder_version=\u00bb4.27.4&#8243; _module_preset=\u00bbdefault\u00bb header_3_font=\u00bbMontserrat|600|||||||\u00bb header_3_text_color=\u00bb#000000&#8243; header_5_font=\u00bbMontserrat||||||||\u00bb header_5_text_color=\u00bb#000000&#8243; header_5_font_size=\u00bb17px\u00bb global_colors_info=\u00bb{}\u00bb]<\/p>\n<h3 style=\"text-align: center;\">\u00bfComparte nuestros valores? Dejemos que juntos despleguemos el efecto. <\/h3>\n<h5 style=\"text-align: center;\">Ya sea como socio, colaborador o cocreador, si desea participar en un futuro sanitario hol\u00edstico y basado en valores, estamos deseando intercambiar ideas con usted.<\/h5>\n<p>[\/et_pb_text][et_pb_button button_text=\u00bbP\u00f3ngase en contacto ahora\u00bb _builder_version=\u00bb4.27.4&#8243; _module_preset=\u00bbdefault\u00bb custom_margin=\u00bb20px||||false|false\u00bb global_colors_info=\u00bb{}\u00bb][\/et_pb_button][\/et_pb_column][\/et_pb_row][\/et_pb_section]<\/p>\n","protected":false},"excerpt":{"rendered":"<p>El esp\u00edritu de Swiss Health Alliance (CSA)Descubra lo que su coraz\u00f3n ya sabeSum\u00e9rjase en el mundo de los valores de Swiss-Health Alliance (CSA). Forme parte de nuestra comunidad y de nuestra visi\u00f3n hol\u00edstica de los valores, con ra\u00edces en nuestras tradiciones, en nuestra historia y en nuestra identidad cercana a la naturaleza. Para nosotros, la [&hellip;]<\/p>\n","protected":false},"author":1,"featured_media":0,"parent":0,"menu_order":0,"comment_status":"closed","ping_status":"closed","template":"","meta":{"_acf_changed":false,"_et_pb_use_builder":"on","_et_pb_old_content":"","_et_gb_content_width":"","footnotes":""},"class_list":["post-73278","page","type-page","status-publish","hentry"],"acf":[],"_links":{"self":[{"href":"https:\/\/sha-verein.com\/es\/wp-json\/wp\/v2\/pages\/73278","targetHints":{"allow":["GET"]}}],"collection":[{"href":"https:\/\/sha-verein.com\/es\/wp-json\/wp\/v2\/pages"}],"about":[{"href":"https:\/\/sha-verein.com\/es\/wp-json\/wp\/v2\/types\/page"}],"author":[{"embeddable":true,"href":"https:\/\/sha-verein.com\/es\/wp-json\/wp\/v2\/users\/1"}],"replies":[{"embeddable":true,"href":"https:\/\/sha-verein.com\/es\/wp-json\/wp\/v2\/comments?post=73278"}],"version-history":[{"count":0,"href":"https:\/\/sha-verein.com\/es\/wp-json\/wp\/v2\/pages\/73278\/revisions"}],"wp:attachment":[{"href":"https:\/\/sha-verein.com\/es\/wp-json\/wp\/v2\/media?parent=73278"}],"curies":[{"name":"wp","href":"https:\/\/api.w.org\/{rel}","templated":true}]}}