{"id":73300,"date":"2025-05-10T07:23:57","date_gmt":"2025-05-10T07:23:57","guid":{"rendered":"https:\/\/sha-verein.com\/historia-y-filosofia\/"},"modified":"2025-10-20T13:44:14","modified_gmt":"2025-10-20T13:44:14","slug":"historia-y-filosofia","status":"publish","type":"page","link":"https:\/\/sha-verein.com\/es\/historia-y-filosofia\/","title":{"rendered":"Historia y filosof\u00eda"},"content":{"rendered":"<p>[et_pb_section fb_built=\u00bb1&#8243; _builder_version=\u00bb4.27.4&#8243; _module_preset=\u00bbe8bcbefb-408b-46fa-bb07-26f5aaef7992&#8243; background_image=\u00bbhttps:\/\/sha-verein.com\/wp-content\/uploads\/2025\/09\/Hintergrundbild-Strand.png\u00bb background_position=\u00bbbottom_center\u00bb background_vertical_offset=\u00bb59%\u00bb global_colors_info=\u00bb{}\u00bb][et_pb_row _builder_version=\u00bb4.27.4&#8243; _module_preset=\u00bb8daa54c2-3254-4673-a3a3-94498b2b6954&#8243; hover_enabled=\u00bb0&#8243; global_colors_info=\u00bb{}\u00bb sticky_enabled=\u00bb0&#8243;][et_pb_column type=\u00bb4_4&#8243; _builder_version=\u00bb4.27.4&#8243; _module_preset=\u00bbdefault\u00bb global_colors_info=\u00bb{}\u00bb][et_pb_text _builder_version=\u00bb4.27.4&#8243; _module_preset=\u00bb5d02ebe0-5c00-4804-b34e-b540249a66d2&#8243; global_colors_info=\u00bb{}\u00bb]<\/p>\n<h1>Historia y filosof\u00eda<\/h1>\n<p>[\/et_pb_text][et_pb_text _builder_version=\u00bb4.27.4&#8243; _module_preset=\u00bb9c5ead95-d3e4-4bf3-bef8-32d93e54f069&#8243; global_colors_info=\u00bb{}\u00bb]<\/p>\n<h2>Repensar la salud: en armon\u00eda con las personas, la naturaleza y la cultura<\/h2>\n<p>[\/et_pb_text][\/et_pb_column][\/et_pb_row][\/et_pb_section][et_pb_section fb_built=\u00bb1&#8243; _builder_version=\u00bb4.27.4&#8243; _module_preset=\u00bb35b5801e-a7c9-4936-9b66-e5b5510d161a\u00bb global_colors_info=\u00bb{}\u00bb][et_pb_row column_structure=\u00bb1_2,1_2&#8243; gutter_width=\u00bb2&#8243; _builder_version=\u00bb4.27.4&#8243; _module_preset=\u00bbdefault\u00bb global_colors_info=\u00bb{}\u00bb][et_pb_column type=\u00bb1_2&#8243; _builder_version=\u00bb4.27.4&#8243; _module_preset=\u00bbdefault\u00bb global_colors_info=\u00bb{}\u00bb][et_pb_text _builder_version=\u00bb4.27.4&#8243; _module_preset=\u00bbdefault\u00bb header_2_text_color=\u00bb#000000&#8243; header_2_font_size=\u00bb24px\u00bb header_3_font=\u00bbMontserrat|600|||||||\u00bb header_3_text_color=\u00bb#000000&#8243; header_3_line_height=\u00bb1.2em\u00bb custom_margin=\u00bb||10px||false|false\u00bb global_colors_info=\u00bb{}\u00bb]<\/p>\n<h3 data-start=\"1286\" data-end=\"1300\" style=\"text-align: left;\">La salud no es el objetivo, sino el requisito previo para una vida en libertad, dignidad y responsabilidad.<\/h3>\n<p>[\/et_pb_text][et_pb_text _builder_version=\u00bb4.27.4&#8243; _module_preset=\u00bb95ea9a77-3c56-4815-8933-d445e57412be\u00bb global_colors_info=\u00bb{}\u00bb]<\/p>\n<p data-start=\"1286\" data-end=\"1300\" style=\"text-align: left;\">La Swiss Health Alliance (SHA) se fund\u00f3 con la visi\u00f3n de ofrecer una soluci\u00f3n integradora y sostenible a los desaf\u00edos globales en el sector de la salud. Fundada como respuesta a la necesidad de ampliar la comprensi\u00f3n de la salud en un mundo cada vez m\u00e1s globalizado, desde su creaci\u00f3n, la SHA se ha convertido en una de las principales organizaciones no gubernamentales internacionales en el \u00e1mbito de la medicina hol\u00edstica. Con un fuerte enfoque en la prevenci\u00f3n y la atenci\u00f3n m\u00e9dica digna, la SHA combina lo mejor de la medicina occidental y la medicina tradicional.  <\/p>\n<p data-start=\"1912\" data-end=\"2668\" style=\"text-align: left;\">SHA opera como ONG en el marco de una Misi\u00f3n Especial de las Naciones Unidas y se adhiere a los principios de los derechos humanos e internacionales de conformidad con la Carta de las Naciones Unidas. Nuestra historia se caracteriza por la continua expansi\u00f3n de redes globales, asociaciones con organizaciones internacionales y la promoci\u00f3n de proyectos que promueven enfoques hol\u00edsticos de la salud. Con m\u00e1s de 140 empleados en 13 proyectos en siete pa\u00edses y una red internacional en cuatro continentes, SHA es ahora un actor importante en la escena sanitaria mundial. Nuestros centros operativos se encuentran en Viena, Ginebra, Hamburgo y Basilea para mejorar la asistencia sanitaria a escala mundial.   <\/p>\n<p data-start=\"151\" data-end=\"166\" style=\"text-align: left;\">La Swiss Health Alliance (SHA) persigue una filosof\u00eda que entiende la salud como el derecho natural de todo ser humano: un derecho que no solo abarca la ausencia de enfermedad, sino la b\u00fasqueda de una vida plena y saludable en armon\u00eda con el cuerpo, la mente y el medio ambiente. Nuestra filosof\u00eda parte de la base de que la verdadera salud reside en la consideraci\u00f3n hol\u00edstica del ser humano. Estamos convencidos de que el camino hacia una salud \u00f3ptima debe incluir tanto los m\u00e9todos probados de la medicina tradicional como los enfoques modernos de la medicina convencional.  <\/p>\n<p data-start=\"764\" data-end=\"1284\" style=\"text-align: left;\">En el centro de nuestra filosof\u00eda se encuentra el ser humano como individuo. Nos comprometemos a garantizar que todos tengan acceso a un sistema de salud que tenga en cuenta sus necesidades f\u00edsicas, emocionales y mentales. En este sentido, concedemos especial importancia a la prevenci\u00f3n y a la promoci\u00f3n de un estilo de vida saludable. Fomentamos la investigaci\u00f3n y la aplicaci\u00f3n de m\u00e9todos innovadores que no solo traten los s\u00edntomas, sino que atajen las causas de las enfermedades de ra\u00edz.   <\/p>\n<p>[\/et_pb_text][\/et_pb_column][et_pb_column type=\u00bb1_2&#8243; _builder_version=\u00bb4.27.4&#8243; _module_preset=\u00bbdefault\u00bb global_colors_info=\u00bb{}\u00bb][et_pb_text _builder_version=\u00bb4.27.4&#8243; _module_preset=\u00bb95ea9a77-3c56-4815-8933-d445e57412be\u00bb global_colors_info=\u00bb{}\u00bb]<\/p>\n<p data-start=\"2683\" data-end=\"3099\" style=\"text-align: left;\">La <strong>misi\u00f3n<\/strong> de la Swiss Health Alliance (SHA) es posibilitar una atenci\u00f3n m\u00e9dica sostenible y equitativa para todas las personas, independientemente de su origen, lugar o estatus. Nuestro objetivo es promover el desarrollo y la aplicaci\u00f3n de sistemas de medicina hol\u00edstica que no solo traten los s\u00edntomas, sino que aborden al ser humano en su totalidad en su dimensi\u00f3n f\u00edsica, emocional y mental. <\/p>\n<p data-start=\"3101\" data-end=\"3577\" style=\"text-align: left;\">La SHA se compromete a que la atenci\u00f3n m\u00e9dica se entienda no solo como una reacci\u00f3n a la enfermedad, sino como una prevenci\u00f3n proactiva y un fomento del bienestar. Trabajamos con una variedad de m\u00e9todos innovadores, incluida la tecnolog\u00eda de esc\u00e1ner NEKO, la medicina de frecuencia, la medicina de plasma de agua y los procedimientos modernos de desintoxicaci\u00f3n. Nuestras cl\u00ednicas de bienestar SHA ofrecen soluciones innovadoras basadas en los principios de la hol\u00edstica y la prevenci\u00f3n.  <\/p>\n<p data-start=\"3579\" data-end=\"4129\" style=\"text-align: left;\">Como ONG bajo una misi\u00f3n especial de la ONU, estamos en una posici\u00f3n \u00fanica para ejercer una influencia global en los est\u00e1ndares de salud y los derechos humanos. Nuestra misi\u00f3n es establecer una nueva cultura de la salud a trav\u00e9s de cooperaciones y proyectos internacionales que se base en los principios de prevenci\u00f3n, sostenibilidad y justicia. Promovemos una cooperaci\u00f3n m\u00e1s estrecha entre diferentes disciplinas m\u00e9dicas y nos comprometemos a que la investigaci\u00f3n y la pr\u00e1ctica m\u00e9dica sirvan siempre al bienestar del ser humano.  <\/p>\n<p data-start=\"4131\" data-end=\"4550\" style=\"text-align: left;\">Adem\u00e1s, la SHA se compromete a promover e implementar est\u00e1ndares de salud que est\u00e9n en consonancia con los principios de los derechos naturales y la dignidad humana. Nuestros proyectos y programas de financiaci\u00f3n est\u00e1n dise\u00f1ados para crear una atenci\u00f3n m\u00e9dica justa, integradora y sostenible que est\u00e9 a la altura del desaf\u00edo global de permitir una vida saludable para todos. <\/p>\n<p data-start=\"4552\" data-end=\"4970\" style=\"text-align: left;\">Con esta misi\u00f3n, no solo queremos mejorar las soluciones de salud existentes, sino tambi\u00e9n provocar un cambio de paradigma que ancle la importancia de la prevenci\u00f3n y los enfoques de salud hol\u00edsticos en el p\u00fablico en general. Nuestro trabajo est\u00e1 orientado a crear soluciones sostenibles a largo plazo para la atenci\u00f3n m\u00e9dica en todo el mundo que sit\u00faen a las personas en el centro. <\/p>\n<p>[\/et_pb_text][et_pb_text _builder_version=\u00bb4.27.4&#8243; _module_preset=\u00bbdefault\u00bb header_2_text_color=\u00bb#000000&#8243; header_2_font_size=\u00bb24px\u00bb header_3_font=\u00bbMontserrat|600|||||||\u00bb header_3_text_color=\u00bb#000000&#8243; header_3_line_height=\u00bb1.2em\u00bb custom_margin=\u00bb10px||||false|false\u00bb global_colors_info=\u00bb{}\u00bb]<\/p>\n<h3 data-start=\"1286\" data-end=\"1300\" style=\"text-align: left;\">SHA: por un futuro saludable que comienza hoy.<\/h3>\n<p>[\/et_pb_text][\/et_pb_column][\/et_pb_row][\/et_pb_section]<\/p>\n","protected":false},"excerpt":{"rendered":"<p>Historia y filosof\u00edaRepensar la salud: en armon\u00eda con las personas, la naturaleza y la culturaLa salud no es el objetivo, sino el requisito previo para una vida en libertad, dignidad y responsabilidad.La Swiss Health Alliance (SHA) se fund\u00f3 con la visi\u00f3n de ofrecer una soluci\u00f3n integradora y sostenible a los desaf\u00edos globales en el sector [&hellip;]<\/p>\n","protected":false},"author":1,"featured_media":0,"parent":0,"menu_order":0,"comment_status":"closed","ping_status":"closed","template":"","meta":{"_acf_changed":false,"_et_pb_use_builder":"on","_et_pb_old_content":"","_et_gb_content_width":"","footnotes":""},"class_list":["post-73300","page","type-page","status-publish","hentry"],"acf":[],"_links":{"self":[{"href":"https:\/\/sha-verein.com\/es\/wp-json\/wp\/v2\/pages\/73300","targetHints":{"allow":["GET"]}}],"collection":[{"href":"https:\/\/sha-verein.com\/es\/wp-json\/wp\/v2\/pages"}],"about":[{"href":"https:\/\/sha-verein.com\/es\/wp-json\/wp\/v2\/types\/page"}],"author":[{"embeddable":true,"href":"https:\/\/sha-verein.com\/es\/wp-json\/wp\/v2\/users\/1"}],"replies":[{"embeddable":true,"href":"https:\/\/sha-verein.com\/es\/wp-json\/wp\/v2\/comments?post=73300"}],"version-history":[{"count":0,"href":"https:\/\/sha-verein.com\/es\/wp-json\/wp\/v2\/pages\/73300\/revisions"}],"wp:attachment":[{"href":"https:\/\/sha-verein.com\/es\/wp-json\/wp\/v2\/media?parent=73300"}],"curies":[{"name":"wp","href":"https:\/\/api.w.org\/{rel}","templated":true}]}}