{"id":73301,"date":"2025-05-09T18:38:56","date_gmt":"2025-05-09T18:38:56","guid":{"rendered":"https:\/\/sha-verein.com\/aviso-legal\/"},"modified":"2025-10-20T13:43:08","modified_gmt":"2025-10-20T13:43:08","slug":"aviso-legal","status":"publish","type":"page","link":"https:\/\/sha-verein.com\/es\/aviso-legal\/","title":{"rendered":"Aviso legal"},"content":{"rendered":"<p>[et_pb_section fb_built=\u00bb1&#8243; _builder_version=\u00bb4.27.4&#8243; _module_preset=\u00bbe8bcbefb-408b-46fa-bb07-26f5aaef7992&#8243; global_colors_info=\u00bb{}\u00bb][et_pb_row _builder_version=\u00bb4.27.4&#8243; _module_preset=\u00bb8daa54c2-3254-4673-a3a3-94498b2b6954&#8243; global_colors_info=\u00bb{}\u00bb][et_pb_column type=\u00bb4_4&#8243; _builder_version=\u00bb4.27.4&#8243; _module_preset=\u00bbdefault\u00bb global_colors_info=\u00bb{}\u00bb][et_pb_text _builder_version=\u00bb4.27.4&#8243; _module_preset=\u00bb5d02ebe0-5c00-4804-b34e-b540249a66d2&#8243; global_colors_info=\u00bb{}\u00bb]<\/p>\n<h1>Aviso legal<\/h1>\n<p>[\/et_pb_text][\/et_pb_column][\/et_pb_row][\/et_pb_section][et_pb_section fb_built=\u00bb1&#8243; _builder_version=\u00bb4.27.4&#8243; _module_preset=\u00bb35b5801e-a7c9-4936-9b66-e5b5510d161a\u00bb global_colors_info=\u00bb{}\u00bb][et_pb_row _builder_version=\u00bb4.27.4&#8243; _module_preset=\u00bbdefault\u00bb global_colors_info=\u00bb{}\u00bb][et_pb_column type=\u00bb4_4&#8243; _builder_version=\u00bb4.27.4&#8243; _module_preset=\u00bbdefault\u00bb global_colors_info=\u00bb{}\u00bb][et_pb_text _builder_version=\u00bb4.27.4&#8243; _module_preset=\u00bb95ea9a77-3c56-4815-8933-d445e57412be\u00bb header_3_text_color=\u00bb#000000&#8243; header_4_text_color=\u00bb#000000&#8243; hover_enabled=\u00bb0&#8243; global_colors_info=\u00bb{}\u00bb sticky_enabled=\u00bb0&#8243;]<\/p>\n<h4 style=\"text-align: left;\"><strong>Responsabilidad<\/strong><strong> del tratamiento de datos:<\/strong><\/h4>\n<p style=\"text-align: left;\">El responsable del procesamiento de datos en nuestros sitios web es:<br \/>\u00a9 Copyright | Swiss-Health Alliance (SHA)<br \/>En lo sucesivo, Swiss-Helth Alliance (SHA) Suiza.<\/p>\n<h4 style=\"text-align: left;\"><strong>Direcci\u00f3n de contacto:<\/strong><\/h4>\n<p style=\"text-align: left;\"><strong>Secci\u00f3n suiza<\/strong><br \/>Asociaci\u00f3n Swiss-Health Alliance (SHA)<br \/>Schwertgasse 8,<br \/>5330 Bad Zurzach<br \/>Contacto: <a href=\"mailto:rdp@sha-ngo.com\">welcome@sha-ngo.com<\/a><\/p>\n<h4 style=\"text-align: left;\"><strong>Persona(s) autorizada(s) para representar:<\/strong><\/h4>\n<h4 style=\"text-align: left;\"><span><strong>Inscripci\u00f3n en el registro mercantil:<\/strong><br \/><\/span>Raz\u00f3n social: Verein Swiss-Health Alliance (CSA)<br \/> CHE-461<strong>.609.422<\/strong><\/h4>\n<h4 style=\"text-align: left;\"><strong>Texto registrado:<\/strong><\/h4>\n<p style=\"text-align: left;\"><span>La SHA, como organizaci\u00f3n no gubernamental (ONG), es una asociaci\u00f3n con la misi\u00f3n de desarrollo sostenible para promover la atenci\u00f3n m\u00e9dica universal en todo el mundo. Apoya y acompa\u00f1a proyectos de terapias naturales en el contexto de la medicina antigua y nueva. Como miembro de las misiones especiales en el intercambio Liechtenstein \/ Suiza, la asociaci\u00f3n cumple con el acuerdo sobre misiones especiales. Como misi\u00f3n especial, la asociaci\u00f3n se somete plenamente a las normas establecidas en el instrumento de ratificaci\u00f3n de Liechtenstein del acuerdo sobre misiones especiales, celebrado en Nueva York el 8 de diciembre de 1969, aprobado por el Alto Landtag del Principado de Liechtenstein el 20 de abril de 1977, que entr\u00f3 en vigor para Liechtenstein el 21 de junio de 1985, y est\u00e1 activa en el \u00e1mbito de \u201cembajadas y consulados\u201d. La SHA est\u00e1 sujeta al Convenio de Par\u00eds para la Protecci\u00f3n de la Propiedad Industrial (CUP) del 20 de marzo de 1883 en su versi\u00f3n modificada del 28 de septiembre de 1979. La asociaci\u00f3n trabaja para promover el desarrollo econ\u00f3mico y la justicia social. Postula la consolidaci\u00f3n y el cumplimiento del <em>derecho natural<\/em> y la igualdad de las personas. La asociaci\u00f3n apoya el cumplimiento de los derechos humanos, en particular la Resoluci\u00f3n 53\/144 de la ONU (\u201cDeclaraci\u00f3n sobre el derecho y el deber de los individuos, los grupos y las instituciones de la sociedad de promover y proteger los derechos humanos y las libertades fundamentales universalmente reconocidos\u201d). La SHA apoya proyectos de medios de comunicaci\u00f3n para un periodismo independiente contra el abuso de poder y la corrupci\u00f3n, con el fin de permitir debates p\u00fablicos y el pensamiento cr\u00edtico en la sociedad. Para lograr el prop\u00f3sito de la asociaci\u00f3n, la asociaci\u00f3n tambi\u00e9n puede administrar e invertir los activos de la asociaci\u00f3n y realizar transacciones legales y financieras de todo tipo en el contexto de la inversi\u00f3n y administraci\u00f3n de sus activos, en particular, adquirir o enajenar bienes muebles e inmuebles de todo tipo.            <\/span><\/p>\n<p style=\"text-align: left;\"><strong>Exclusi\u00f3n de responsabilidad para enlaces:<\/strong><\/p>\n<p style=\"text-align: left;\">Las referencias y enlaces a sitios web de terceros est\u00e1n fuera de nuestro \u00e1mbito de responsabilidad. Se rechaza cualquier responsabilidad por dichos sitios web. El acceso y el uso de dichos sitios web se realizan bajo el propio riesgo del usuario respectivo.  <\/p>\n<p style=\"text-align: left;\"><strong>Derechos de autor:<\/strong><\/p>\n<p style=\"text-align: left;\">Los derechos de autor y todos los dem\u00e1s derechos sobre el contenido, las im\u00e1genes, las fotos u otros archivos en este sitio web pertenecen exclusivamente a la asociaci\u00f3n Swiss-Health Alliance (SHA) o a los titulares de derechos espec\u00edficamente nombrados. Para la reproducci\u00f3n de cualquier elemento, se debe obtener el consentimiento previo por escrito del titular de los derechos de autor. <\/p>\n<p style=\"text-align: left;\"><strong>Fuente:<\/strong> SwissAnwalt<\/p>\n<p>[\/et_pb_text][\/et_pb_column][\/et_pb_row][\/et_pb_section]<\/p>\n","protected":false},"excerpt":{"rendered":"<p>Aviso legalResponsabilidad del tratamiento de datos: El responsable del procesamiento de datos en nuestros sitios web es:\u00a9 Copyright | Swiss-Health Alliance (SHA)En lo sucesivo, Swiss-Helth Alliance (SHA) Suiza. Direcci\u00f3n de contacto: Secci\u00f3n suizaAsociaci\u00f3n Swiss-Health Alliance (SHA)Schwertgasse 8,5330 Bad ZurzachContacto: welcome@sha-ngo.com Persona(s) autorizada(s) para representar: Inscripci\u00f3n en el registro mercantil:Raz\u00f3n social: Verein Swiss-Health Alliance (CSA) CHE-461.609.422 [&hellip;]<\/p>\n","protected":false},"author":1,"featured_media":0,"parent":0,"menu_order":0,"comment_status":"closed","ping_status":"closed","template":"","meta":{"_acf_changed":false,"_et_pb_use_builder":"on","_et_pb_old_content":"","_et_gb_content_width":"","footnotes":""},"class_list":["post-73301","page","type-page","status-publish","hentry"],"acf":[],"_links":{"self":[{"href":"https:\/\/sha-verein.com\/es\/wp-json\/wp\/v2\/pages\/73301","targetHints":{"allow":["GET"]}}],"collection":[{"href":"https:\/\/sha-verein.com\/es\/wp-json\/wp\/v2\/pages"}],"about":[{"href":"https:\/\/sha-verein.com\/es\/wp-json\/wp\/v2\/types\/page"}],"author":[{"embeddable":true,"href":"https:\/\/sha-verein.com\/es\/wp-json\/wp\/v2\/users\/1"}],"replies":[{"embeddable":true,"href":"https:\/\/sha-verein.com\/es\/wp-json\/wp\/v2\/comments?post=73301"}],"version-history":[{"count":0,"href":"https:\/\/sha-verein.com\/es\/wp-json\/wp\/v2\/pages\/73301\/revisions"}],"wp:attachment":[{"href":"https:\/\/sha-verein.com\/es\/wp-json\/wp\/v2\/media?parent=73301"}],"curies":[{"name":"wp","href":"https:\/\/api.w.org\/{rel}","templated":true}]}}