{"id":73309,"date":"2025-05-09T15:28:54","date_gmt":"2025-05-09T15:28:54","guid":{"rendered":"https:\/\/sha-verein.com\/pagina-de-inicio\/"},"modified":"2025-10-20T13:43:12","modified_gmt":"2025-10-20T13:43:12","slug":"pagina-de-inicio","status":"publish","type":"page","link":"https:\/\/sha-verein.com\/es\/","title":{"rendered":"Bienvenido a Swiss-Health Alliance (CSA)"},"content":{"rendered":"<p>[et_pb_section fb_built=\u00bb1&#8243; _builder_version=\u00bb4.27.4&#8243; _module_preset=\u00bbe8bcbefb-408b-46fa-bb07-26f5aaef7992&#8243; global_colors_info=\u00bb{}\u00bb][et_pb_row _builder_version=\u00bb4.27.4&#8243; _module_preset=\u00bb8daa54c2-3254-4673-a3a3-94498b2b6954&#8243; min_height_tablet=\u00bb\u00bb min_height_phone=\u00bb\u00bb min_height_last_edited=\u00bbon|tablet\u00bb custom_margin_tablet=\u00bb||||false|false\u00bb custom_margin_phone=\u00bb||||false|false\u00bb custom_margin_last_edited=\u00bbon|tablet\u00bb custom_padding=\u00bb||||false|false\u00bb custom_padding_tablet=\u00bb||||false|false\u00bb custom_padding_phone=\u00bb20px||||false|false\u00bb global_colors_info=\u00bb{}\u00bb][et_pb_column type=\u00bb4_4&#8243; _builder_version=\u00bb4.27.4&#8243; _module_preset=\u00bbdefault\u00bb global_colors_info=\u00bb{}\u00bb][et_pb_text _builder_version=\u00bb4.27.4&#8243; _module_preset=\u00bb5d02ebe0-5c00-4804-b34e-b540249a66d2&#8243; global_colors_info=\u00bb{}\u00bb]<\/p>\n<h1>Swiss-Health Alliance (SHA)<\/h1>\n<p>[\/et_pb_text][et_pb_text _builder_version=\u00bb4.27.4&#8243; _module_preset=\u00bb9c5ead95-d3e4-4bf3-bef8-32d93e54f069&#8243; global_colors_info=\u00bb{}\u00bb]<\/p>\n<h2>Repensar la salud \u2013 para un ma\u00f1ana mejor.<\/h2>\n<p>[\/et_pb_text][\/et_pb_column][\/et_pb_row][\/et_pb_section][et_pb_section fb_built=\u00bb1&#8243; _builder_version=\u00bb4.27.4&#8243; _module_preset=\u00bb35b5801e-a7c9-4936-9b66-e5b5510d161a\u00bb module_alignment=\u00bbcenter\u00bb custom_margin=\u00bb||||false|false\u00bb custom_padding=\u00bb||0px||false|false\u00bb global_colors_info=\u00bb{}\u00bb][et_pb_row column_structure=\u00bb1_3,1_3,1_3&#8243; gutter_width=\u00bb2&#8243; module_class=\u00bbcustom-equal-buttons\u00bb _builder_version=\u00bb4.27.4&#8243; _module_preset=\u00bbdefault\u00bb width_tablet=\u00bb80%\u00bb width_phone=\u00bb80%\u00bb width_last_edited=\u00bbon|phone\u00bb custom_margin=\u00bb-150px||||false|false\u00bb global_colors_info=\u00bb{}\u00bb][et_pb_column type=\u00bb1_3&#8243; _builder_version=\u00bb4.27.4&#8243; _module_preset=\u00bbdefault\u00bb use_background_color_gradient=\u00bbon\u00bb background_color_gradient_stops=\u00bb#1a82c5 0%|rgba(26,130,197,0.39) 100%\u00bb background_color_gradient_overlays_image=\u00bbon\u00bb background_image=\u00bbhttps:\/\/sha-verein.com\/wp-content\/uploads\/2025\/09\/Bild-4.jpg\u00bb custom_padding=\u00bb40px|20px|40px|20px|true|true\u00bb global_colors_info=\u00bb{}\u00bb][et_pb_text _builder_version=\u00bb4.27.4&#8243; _module_preset=\u00bb05a5753e-dbb2-4203-986e-42b3615c5214&#8243; header_3_text_color=\u00bb#FFFFFF\u00bb module_alignment=\u00bbcenter\u00bb min_height=\u00bb80px\u00bb height=\u00bb80px\u00bb global_colors_info=\u00bb{}\u00bb]<\/p>\n<h3>Proyectos<\/h3>\n<p>[\/et_pb_text][et_pb_text _builder_version=\u00bb4.27.4&#8243; _module_preset=\u00bb95ea9a77-3c56-4815-8933-d445e57412be\u00bb text_text_color=\u00bb#FFFFFF\u00bb min_height=\u00bb450px\u00bb height=\u00bb450px\u00bb custom_padding=\u00bb||||false|false\u00bb global_colors_info=\u00bb{}\u00bb]<\/p>\n<p>La Swiss Health Alliance (SHA) se compromete con una cultura de salud hol\u00edstica basada en suelos sanos, conocimientos tradicionales y fortaleza comunitaria. Nuestros proyectos fortalecen los sistemas alimentarios descentralizados, promueven alimentos libres de contaminantes, la agricultura regenerativa y una atenci\u00f3n m\u00e9dica sostenible. A trav\u00e9s de la colaboraci\u00f3n interdisciplinaria con socios comprometidos, se crean espacios donde pueden crecer soluciones innovadoras para un futuro saludable y resiliente.  <\/p>\n<p>[\/et_pb_text][et_pb_button button_url=\u00bbhttps:\/\/sha-verein.com\/projekte\/\u00bb url_new_window=\u00bbon\u00bb button_text=\u00bbA nuestros proyectos\u00bb _builder_version=\u00bb4.27.4&#8243; _module_preset=\u00bbdefault\u00bb custom_button=\u00bbon\u00bb button_text_size=\u00bb16px\u00bb button_text_color=\u00bb#FFFFFF\u00bb button_border_color=\u00bbRGBA(255,255,255,0)\u00bb global_colors_info=\u00bb{}\u00bb][\/et_pb_button][\/et_pb_column][et_pb_column type=\u00bb1_3&#8243; _builder_version=\u00bb4.27.4&#8243; _module_preset=\u00bbdefault\u00bb use_background_color_gradient=\u00bbon\u00bb background_color_gradient_stops=\u00bb#000000 0%|rgba(0,53,91,0.39) 99%\u00bb background_color_gradient_overlays_image=\u00bbon\u00bb background_image=\u00bbhttps:\/\/sha-verein.com\/wp-content\/uploads\/2025\/09\/Nachhaltigkeitsmonat-ohne-Schrift.jpg\u00bb custom_padding=\u00bb40px|20px|40px|20px|true|true\u00bb global_colors_info=\u00bb{}\u00bb][et_pb_text _builder_version=\u00bb4.27.4&#8243; _module_preset=\u00bb05a5753e-dbb2-4203-986e-42b3615c5214&#8243; header_3_text_color=\u00bb#FFFFFF\u00bb module_alignment=\u00bbcenter\u00bb min_height=\u00bb80px\u00bb height=\u00bb80px\u00bb global_colors_info=\u00bb{}\u00bb]<\/p>\n<h3>Juntos por la salud \u2013 en todo el mundo<\/h3>\n<p>[\/et_pb_text][et_pb_text _builder_version=\u00bb4.27.4&#8243; _module_preset=\u00bb95ea9a77-3c56-4815-8933-d445e57412be\u00bb text_text_color=\u00bb#FFFFFF\u00bb min_height=\u00bb450px\u00bb height=\u00bb450px\u00bb custom_padding=\u00bb||||false|false\u00bb global_colors_info=\u00bb{}\u00bb]<\/p>\n<p>Con su apoyo, promovemos en todo el mundo una medicina hol\u00edstica que combina los conocimientos cient\u00edficos m\u00e1s modernos con m\u00e9todos curativos tradicionales probados. Juntos creamos acceso a una atenci\u00f3n m\u00e9dica sostenible: hol\u00edstica, digna y orientada al futuro. Ayude a empoderar a las personas en diferentes situaciones de la vida y a permitirles una vida m\u00e1s larga, saludable y plena. Cada donaci\u00f3n cuenta: para m\u00e1s vitalidad, calidad de vida y dignidad en todo el mundo.   <\/p>\n<p>[\/et_pb_text][et_pb_button button_url=\u00bbhttps:\/\/sha-verein.com\/geschichte-philosophie\/\u00bb url_new_window=\u00bbon\u00bb button_text=\u00bbM\u00e1s informaci\u00f3n\u00bb _builder_version=\u00bb4.27.4&#8243; _module_preset=\u00bbdefault\u00bb custom_button=\u00bbon\u00bb button_text_size=\u00bb16px\u00bb button_text_color=\u00bb#FFFFFF\u00bb button_border_color=\u00bbRGBA(255,255,255,0)\u00bb global_colors_info=\u00bb{}\u00bb][\/et_pb_button][\/et_pb_column][et_pb_column type=\u00bb1_3&#8243; _builder_version=\u00bb4.27.4&#8243; _module_preset=\u00bbdefault\u00bb use_background_color_gradient=\u00bbon\u00bb background_color_gradient_stops=\u00bb#1a82c5 0%|rgba(26,130,197,0.39) 100%\u00bb background_color_gradient_overlays_image=\u00bbon\u00bb background_image=\u00bbhttps:\/\/sha-verein.com\/wp-content\/uploads\/2025\/09\/Jacke-mit-SHA-Logo-bearbeitet.jpg\u00bb custom_padding=\u00bb40px|20px|40px|20px|true|true\u00bb global_colors_info=\u00bb{}\u00bb][et_pb_text _builder_version=\u00bb4.27.4&#8243; _module_preset=\u00bb05a5753e-dbb2-4203-986e-42b3615c5214&#8243; header_3_text_color=\u00bb#FFFFFF\u00bb module_alignment=\u00bbcenter\u00bb min_height=\u00bb80px\u00bb height=\u00bb80px\u00bb global_colors_info=\u00bb{}\u00bb]<\/p>\n<h3>Ayuda humanitaria<\/h3>\n<p>[\/et_pb_text][et_pb_text _builder_version=\u00bb4.27.4&#8243; _module_preset=\u00bb95ea9a77-3c56-4815-8933-d445e57412be\u00bb text_text_color=\u00bb#FFFFFF\u00bb min_height=\u00bb450px\u00bb height=\u00bb450px\u00bb custom_padding=\u00bb||||false|false\u00bb global_colors_info=\u00bb{}\u00bb]<\/p>\n<p>En las crisis humanitarias, cada segundo cuenta: salvar vidas y aliviar el sufrimiento es la m\u00e1xima prioridad. La dignidad, la autodeterminaci\u00f3n y el bienestar de las personas afectadas siempre est\u00e1n en el centro de nuestras acciones. La Swiss Health Alliance (SHA) combina la ayuda de emergencia con proyectos de desarrollo a largo plazo para no solo aliviar la necesidad aguda, sino tambi\u00e9n para crear perspectivas sostenibles. De este modo, mejoramos selectivamente las condiciones de vida de los grupos de poblaci\u00f3n especialmente pobres y desfavorecidos, hoy y para el futuro.   <\/p>\n<p>[\/et_pb_text][et_pb_button button_url=\u00bbhttps:\/\/sha-verein.com\/humanitaere-hilfe\/\u00bb url_new_window=\u00bbon\u00bb button_text=\u00bbM\u00e1s informaci\u00f3n sobre nuestros proyectos de ayuda\u00bb _builder_version=\u00bb4.27.4&#8243; _module_preset=\u00bbdefault\u00bb custom_button=\u00bbon\u00bb button_text_size=\u00bb16px\u00bb button_text_color=\u00bb#FFFFFF\u00bb button_border_color=\u00bbRGBA(255,255,255,0)\u00bb global_colors_info=\u00bb{}\u00bb][\/et_pb_button][\/et_pb_column][\/et_pb_row][\/et_pb_section][et_pb_section fb_built=\u00bb1&#8243; _builder_version=\u00bb4.27.4&#8243; _module_preset=\u00bb35b5801e-a7c9-4936-9b66-e5b5510d161a\u00bb global_colors_info=\u00bb{}\u00bb][et_pb_row column_structure=\u00bb1_2,1_2&#8243; gutter_width=\u00bb2&#8243; _builder_version=\u00bb4.27.4&#8243; _module_preset=\u00bbdefault\u00bb width_tablet=\u00bb80%\u00bb width_phone=\u00bb80%\u00bb global_colors_info=\u00bb{}\u00bb][et_pb_column type=\u00bb1_2&#8243; _builder_version=\u00bb4.27.4&#8243; _module_preset=\u00bbdefault\u00bb global_colors_info=\u00bb{}\u00bb][et_pb_text _builder_version=\u00bb4.27.4&#8243; _module_preset=\u00bb17c77542-6db6-4594-a8eb-772a06e1f453&#8243; header_3_font=\u00bbMontserrat|600|||||||\u00bb header_3_text_color=\u00bb#000000&#8243; global_colors_info=\u00bb{}\u00bb]<\/p>\n<h3>Repensar la salud. Para un ma\u00f1ana que merezca la pena vivir. <\/h3>\n<p>La Swiss Health Alliance (SHA) es una organizaci\u00f3n no gubernamental (ONG) que opera a nivel mundial. Nuestro objetivo es promover y establecer globalmente la medicina hol\u00edstica basada en la Carta de la ONU y los principios de la Medicina Tradicional Internacional (MTI). <\/p>\n<p>Como alianza internacional, en el \u00e1mbito del Wellness Branding nos consideramos un puente entre la medicina tradicional y la convencional. Junto con expertos internacionales de renombre, combinamos la ciencia moderna con las terapias naturales de la MTI. De ello surgen estrategias de tratamiento personalizadas, para una vida sana y plena.  <\/p>\n<p>Como organizaci\u00f3n paraguas global, estamos convencidos de que el bienestar no es un lujo, sino la base para una vida plena. Por lo tanto, apostamos por un enfoque de salud proactivo, cient\u00edficamente fundamentado e individualizado. Este va mucho m\u00e1s all\u00e1 de los m\u00e9todos de tratamiento cl\u00e1sicos, de vuelta al derecho natural de todas las personas.  <\/p>\n<p>Adem\u00e1s, participamos en escenarios internacionales. Por ejemplo, en el <a href=\"https:\/\/vasscompany.com\/en\/insights\/blogs-articles\/vass-insights-wakeupspain-2025\/\" target=\"_blank\" rel=\"noopener\">\u201cWake Up! Espa\u00f1a\u201d- Forum 2025<\/a>, que est\u00e1 bajo el patrocinio del Rey Felipe VI. Junto con l\u00edderes de opini\u00f3n (esc\u00e1ner <a href=\"https:\/\/www.nekohealth.com\/se\/en\" target=\"_blank\" rel=\"noopener\">NEKO<\/a>) y promotores de la nutrici\u00f3n (<a href=\"https:\/\/www.riceup-restaurant.com\/\" target=\"_blank\" rel=\"noopener\">riceup<\/a>), promovemos una nueva cultura de salud consciente, para las personas y su espacio vital.  <\/p>\n<p>[\/et_pb_text][\/et_pb_column][et_pb_column type=\u00bb1_2&#8243; _builder_version=\u00bb4.27.4&#8243; _module_preset=\u00bbdefault\u00bb global_colors_info=\u00bb{}\u00bb][et_pb_text _builder_version=\u00bb4.27.4&#8243; _module_preset=\u00bb17c77542-6db6-4594-a8eb-772a06e1f453&#8243; global_colors_info=\u00bb{}\u00bb]<\/p>\n<p>El vicepresidente de SHA, Laxman Balasubramanjam, lo resume as\u00ed:<br \/><em>\u201cEl bienestar ya no es una cuesti\u00f3n est\u00e9tica, sino cient\u00edfica, existencial y un derecho humano al mismo tiempo.\u201d<\/em><\/p>\n<p>Nuestra visi\u00f3n es clara: entender la salud como motor de la soberan\u00eda humana y escalar soluciones bajo la supervisi\u00f3n de la ciencia y la investigaci\u00f3n internacionales, que combinen los \u00faltimos procedimientos de diagn\u00f3stico y terapias, la medicina regenerativa y un estilo de vida consciente.<\/p>\n<p>Con sedes de SHA en Europa, Latinoam\u00e9rica y pronto tambi\u00e9n en Oriente Medio, llevamos nuestra misi\u00f3n directamente a las personas de todo el mundo. Para m\u00e1s vitalidad, equilibrio y sentido en todas las fases de la vida. <\/p>\n<p>[\/et_pb_text][et_pb_text _builder_version=\u00bb4.27.4&#8243; _module_preset=\u00bbc15e3580-8662-4d02-a9df-aabb2a6ffec8&#8243; header_3_text_align=\u00bbleft\u00bb header_3_text_color=\u00bb#000000&#8243; header_3_font_size=\u00bb22px\u00bb min_height=\u00bb80px\u00bb height=\u00bb80px\u00bb custom_margin=\u00bb20px||||false|false\u00bb global_colors_info=\u00bb{}\u00bb]<\/p>\n<h3>SHA: por un futuro saludable que comienza hoy.<\/h3>\n<p>[\/et_pb_text][et_pb_image src=\u00bbhttps:\/\/sha-verein.com\/wp-content\/uploads\/2025\/09\/Bild1.jpg\u00bb alt=\u00bbImagen1&#8243; title_text=\u00bbImagen1&#8243; url=\u00bbhttps:\/\/sha-verein.com\/wp-content\/uploads\/2025\/09\/SHA-News_-November-2025-1.pdf\u00bb url_new_window=\u00bbon\u00bb _builder_version=\u00bb4.27.4&#8243; _module_preset=\u00bbdefault\u00bb global_colors_info=\u00bb{}\u00bb][\/et_pb_image][et_pb_button button_url=\u00bbhttps:\/\/sha-verein.com\/harvest-series-x-sha-die-kunst-gut-zu-leben-swiss-health-alliance-sha\/\u00bb url_new_window=\u00bbon\u00bb button_text=\u00bbM\u00e1s informaci\u00f3n e inscripci\u00f3n\u00bb button_alignment=\u00bbleft\u00bb button_alignment_tablet=\u00bbcenter\u00bb button_alignment_phone=\u00bbcenter\u00bb button_alignment_last_edited=\u00bbon|tablet\u00bb _builder_version=\u00bb4.27.4&#8243; _module_preset=\u00bbdefault\u00bb custom_button=\u00bbon\u00bb button_text_color=\u00bb#2d86ca\u00bb button_border_width=\u00bb2px\u00bb button_border_color=\u00bb#2d86ca\u00bb custom_margin=\u00bb||20px||false|false\u00bb hover_enabled=\u00bb0&#8243; global_colors_info=\u00bb{}\u00bb sticky_enabled=\u00bb0&#8243;][\/et_pb_button][\/et_pb_column][\/et_pb_row][\/et_pb_section]<\/p>\n","protected":false},"excerpt":{"rendered":"<p>Swiss-Health Alliance (SHA)Repensar la salud \u2013 para un ma\u00f1ana mejor.ProyectosLa Swiss Health Alliance (SHA) se compromete con una cultura de salud hol\u00edstica basada en suelos sanos, conocimientos tradicionales y fortaleza comunitaria. Nuestros proyectos fortalecen los sistemas alimentarios descentralizados, promueven alimentos libres de contaminantes, la agricultura regenerativa y una atenci\u00f3n m\u00e9dica sostenible. A trav\u00e9s de la [&hellip;]<\/p>\n","protected":false},"author":1,"featured_media":0,"parent":0,"menu_order":0,"comment_status":"closed","ping_status":"closed","template":"","meta":{"_acf_changed":false,"_et_pb_use_builder":"on","_et_pb_old_content":"","_et_gb_content_width":"","footnotes":""},"class_list":["post-73309","page","type-page","status-publish","hentry"],"acf":[],"_links":{"self":[{"href":"https:\/\/sha-verein.com\/es\/wp-json\/wp\/v2\/pages\/73309","targetHints":{"allow":["GET"]}}],"collection":[{"href":"https:\/\/sha-verein.com\/es\/wp-json\/wp\/v2\/pages"}],"about":[{"href":"https:\/\/sha-verein.com\/es\/wp-json\/wp\/v2\/types\/page"}],"author":[{"embeddable":true,"href":"https:\/\/sha-verein.com\/es\/wp-json\/wp\/v2\/users\/1"}],"replies":[{"embeddable":true,"href":"https:\/\/sha-verein.com\/es\/wp-json\/wp\/v2\/comments?post=73309"}],"version-history":[{"count":0,"href":"https:\/\/sha-verein.com\/es\/wp-json\/wp\/v2\/pages\/73309\/revisions"}],"wp:attachment":[{"href":"https:\/\/sha-verein.com\/es\/wp-json\/wp\/v2\/media?parent=73309"}],"curies":[{"name":"wp","href":"https:\/\/api.w.org\/{rel}","templated":true}]}}