{"id":73320,"date":"2025-05-10T07:09:18","date_gmt":"2025-05-10T07:09:18","guid":{"rendered":"https:\/\/sha-verein.com\/contacto\/"},"modified":"2025-10-20T13:44:14","modified_gmt":"2025-10-20T13:44:14","slug":"contacto","status":"publish","type":"page","link":"https:\/\/sha-verein.com\/es\/contacto\/","title":{"rendered":"Contacto"},"content":{"rendered":"<p>[et_pb_section fb_built=\u00bb1&#8243; _builder_version=\u00bb4.27.4&#8243; _module_preset=\u00bbe8bcbefb-408b-46fa-bb07-26f5aaef7992&#8243; background_image=\u00bbhttps:\/\/sha-verein.com\/wp-content\/uploads\/2025\/09\/EBDH4QzXsAA0NQ5-1.jpg\u00bb background_position=\u00bbbottom_center\u00bb background_vertical_offset=\u00bb67%\u00bb global_colors_info=\u00bb{}\u00bb][et_pb_row _builder_version=\u00bb4.27.4&#8243; _module_preset=\u00bb8daa54c2-3254-4673-a3a3-94498b2b6954&#8243; global_colors_info=\u00bb{}\u00bb][et_pb_column type=\u00bb4_4&#8243; _builder_version=\u00bb4.27.4&#8243; _module_preset=\u00bbdefault\u00bb global_colors_info=\u00bb{}\u00bb][et_pb_text _builder_version=\u00bb4.27.4&#8243; _module_preset=\u00bb5d02ebe0-5c00-4804-b34e-b540249a66d2&#8243; global_colors_info=\u00bb{}\u00bb]<\/p>\n<h1>Contacto<\/h1>\n<p>[\/et_pb_text][et_pb_text _builder_version=\u00bb4.27.4&#8243; _module_preset=\u00bb9c5ead95-d3e4-4bf3-bef8-32d93e54f069&#8243; global_colors_info=\u00bb{}\u00bb]<\/p>\n<h2>Mant\u00e9ngase en contacto: por una salud con futuro<\/h2>\n<p>[\/et_pb_text][\/et_pb_column][\/et_pb_row][\/et_pb_section][et_pb_section fb_built=\u00bb1&#8243; _builder_version=\u00bb4.27.4&#8243; _module_preset=\u00bb35b5801e-a7c9-4936-9b66-e5b5510d161a\u00bb custom_padding=\u00bb40px||20px||false|false\u00bb global_colors_info=\u00bb{}\u00bb][et_pb_row column_structure=\u00bb2_5,3_5&#8243; gutter_width=\u00bb2&#8243; _builder_version=\u00bb4.27.4&#8243; _module_preset=\u00bbdefault\u00bb global_colors_info=\u00bb{}\u00bb][et_pb_column type=\u00bb2_5&#8243; _builder_version=\u00bb4.27.4&#8243; _module_preset=\u00bbdefault\u00bb global_colors_info=\u00bb{}\u00bb][et_pb_text _builder_version=\u00bb4.27.4&#8243; _module_preset=\u00bb95ea9a77-3c56-4815-8933-d445e57412be\u00bb custom_margin_tablet=\u00bb0px||20px||false|false\u00bb custom_margin_phone=\u00bb0px||20px||false|false\u00bb custom_margin_last_edited=\u00bbon|phone\u00bb global_colors_info=\u00bb{}\u00bb]<\/p>\n<p style=\"text-align: left;\"><strong>Asociaci\u00f3n Swiss-Health Alliance (CSA)<\/strong><br \/>Schwertgasse 10,<br \/>5330 Bad Zurzach<\/p>\n<p style=\"text-align: left;\">Contacto: <a href=\"mailto:rdp@sha-ngo.com\">w<\/a><a href=\"mailto:elcome@sha-verein.com\">elcome@sha-verein.com<\/a><\/p>\n<p>[\/et_pb_text][et_pb_image src=\u00bbhttps:\/\/sha-verein.com\/wp-content\/uploads\/2025\/09\/58049288-9b3b-4951-a415-61d2c405e6ff.jpg\u00bb alt=\u00bb58049288-9b3b-4951-a415-61d2c405e6ff\u00bb title_text=\u00bb58049288-9b3b-4951-a415-61d2c405e6ff\u00bb _builder_version=\u00bb4.27.4&#8243; _module_preset=\u00bbdefault\u00bb global_colors_info=\u00bb{}\u00bb][\/et_pb_image][\/et_pb_column][et_pb_column type=\u00bb3_5&#8243; _builder_version=\u00bb4.27.4&#8243; _module_preset=\u00bbdefault\u00bb global_colors_info=\u00bb{}\u00bb][et_pb_text _builder_version=\u00bb4.27.4&#8243; _module_preset=\u00bbdefault\u00bb header_2_text_color=\u00bb#000000&#8243; header_2_font_size=\u00bb24px\u00bb header_3_font=\u00bbMontserrat|600|||||||\u00bb header_3_text_color=\u00bb#000000&#8243; header_3_line_height=\u00bb1.2em\u00bb custom_margin=\u00bb||10px||false|false\u00bb global_colors_info=\u00bb{}\u00bb]<\/p>\n<h3 data-start=\"211\" data-end=\"415\" style=\"text-align: justify;\">Hablemos, porque el cambio necesita di\u00e1logo.<\/h3>\n<p>[\/et_pb_text][et_pb_text _builder_version=\u00bb4.27.4&#8243; _module_preset=\u00bb95ea9a77-3c56-4815-8933-d445e57412be\u00bb hover_enabled=\u00bb0&#8243; global_colors_info=\u00bb{}\u00bb sticky_enabled=\u00bb0&#8243;]<\/p>\n<p data-start=\"211\" data-end=\"415\" style=\"text-align: left;\">Creemos en el poder del encuentro real. Ya sean preguntas, sugerencias o visiones compartidas, estaremos encantados de saber de usted. Porque la transformaci\u00f3n comienza donde las personas se ponen en contacto entre s\u00ed.  <\/p>\n<p data-start=\"417\" data-end=\"653\" style=\"text-align: left;\">La Swiss Health Alliance conecta personas, proyectos y perspectivas, superando fronteras. Si usted tambi\u00e9n quiere formar parte de un movimiento que concibe la salud de forma hol\u00edstica y da forma activa al futuro, est\u00e1 en el lugar adecuado. <\/p>\n<p data-start=\"655\" data-end=\"858\" style=\"text-align: left;\">Utilice el formulario de contacto, escr\u00edbanos directamente o concierte una cita para hablar. Nos tomaremos nuestro tiempo para sus preocupaciones, sus ideas y para los nuevos caminos que podamos recorrer juntos. <\/p>\n<p>[\/et_pb_text][et_pb_contact_form captcha=\u00bboff\u00bb email=\u00bbwelcome@sha-verein.com\u00bb submit_button_text=\u00bbEnviar\u00bb _builder_version=\u00bb4.27.4&#8243; _unique_id=\u00bbd33f8176-9076-41fe-991e-f5d1e53eefff\u00bb form_field_background_color=\u00bb#ededed\u00bb form_field_text_color=\u00bb#000000&#8243; form_field_focus_background_color=\u00bb#ededed\u00bb form_field_focus_text_color=\u00bb#000000&#8243; form_field_custom_padding=\u00bb15px|25px|15px|25px|true|true\u00bb form_field_font=\u00bbPoppins||||||||\u00bb form_field_font_size=\u00bb15px\u00bb form_field_line_height=\u00bb1.6em\u00bb background_color=\u00bbRGBA(255,255,255,0)\u00bb custom_button=\u00bbon\u00bb button_text_size=\u00bb13px\u00bb button_text_color=\u00bb#ffffff\u00bb button_bg_color=\u00bb#2d86ca\u00bb button_border_width=\u00bb0px\u00bb button_border_color=\u00bb#383838&#8243; button_border_radius=\u00bb0px\u00bb button_font=\u00bbMontserrat|700|||||||\u00bb button_icon=\u00bb&#xf061;||fa||900&#8243; button_on_hover=\u00bboff\u00bb button_custom_margin=\u00bb6px||||false|false\u00bb button_custom_padding=\u00bb14px|50px|14px|40px|true|false\u00bb custom_margin=\u00bb30px||||false|false\u00bb global_colors_info=\u00bb{}\u00bb button_text_color__hover=\u00bb#000000&#8243; button_text_color__hover_enabled=\u00bbon|desktop\u00bb button_bg_color__hover=\u00bb#c3c3c3&#8243; button_bg_color__hover_enabled=\u00bbon|hover\u00bb button_border_color__hover=\u00bb#c3c3c3&#8243; button_border_color__hover_enabled=\u00bbon|hover\u00bb button_letter_spacing__hover=\u00bb0px\u00bb button_letter_spacing__hover_enabled=\u00bbon|desktop\u00bb button_bg_enable_color__hover=\u00bbon\u00bb][et_pb_contact_field field_id=\u00bbName\u00bb field_title=\u00bbNombre\u00bb _builder_version=\u00bb4.27.4&#8243; text_orientation=\u00bbleft\u00bb global_colors_info=\u00bb{}\u00bb button_text_size__hover_enabled=\u00bboff\u00bb button_one_text_size__hover_enabled=\u00bboff\u00bb button_two_text_size__hover_enabled=\u00bboff\u00bb button_text_color__hover_enabled=\u00bboff\u00bb button_one_text_color__hover_enabled=\u00bboff\u00bb button_two_text_color__hover_enabled=\u00bboff\u00bb button_border_width__hover_enabled=\u00bboff\u00bb button_one_border_width__hover_enabled=\u00bboff\u00bb button_two_border_width__hover_enabled=\u00bboff\u00bb button_border_color__hover_enabled=\u00bboff\u00bb button_one_border_color__hover_enabled=\u00bboff\u00bb button_two_border_color__hover_enabled=\u00bboff\u00bb button_border_radius__hover_enabled=\u00bboff\u00bb button_one_border_radius__hover_enabled=\u00bboff\u00bb button_two_border_radius__hover_enabled=\u00bboff\u00bb button_letter_spacing__hover_enabled=\u00bboff\u00bb button_one_letter_spacing__hover_enabled=\u00bboff\u00bb button_two_letter_spacing__hover_enabled=\u00bboff\u00bb button_bg_color__hover_enabled=\u00bboff\u00bb button_one_bg_color__hover_enabled=\u00bboff\u00bb button_two_bg_color__hover_enabled=\u00bboff\u00bb][\/et_pb_contact_field][et_pb_contact_field field_id=\u00bbE-mail\u00bb field_title=\u00bbDirecci\u00f3n de correo electr\u00f3nico\u00bb field_type=\u00bbemail\u00bb _builder_version=\u00bb4.27.4&#8243; global_colors_info=\u00bb{}\u00bb button_text_size__hover_enabled=\u00bboff\u00bb button_one_text_size__hover_enabled=\u00bboff\u00bb button_two_text_size__hover_enabled=\u00bboff\u00bb button_text_color__hover_enabled=\u00bboff\u00bb button_one_text_color__hover_enabled=\u00bboff\u00bb button_two_text_color__hover_enabled=\u00bboff\u00bb button_border_width__hover_enabled=\u00bboff\u00bb button_one_border_width__hover_enabled=\u00bboff\u00bb button_two_border_width__hover_enabled=\u00bboff\u00bb button_border_color__hover_enabled=\u00bboff\u00bb button_one_border_color__hover_enabled=\u00bboff\u00bb button_two_border_color__hover_enabled=\u00bboff\u00bb button_border_radius__hover_enabled=\u00bboff\u00bb button_one_border_radius__hover_enabled=\u00bboff\u00bb button_two_border_radius__hover_enabled=\u00bboff\u00bb button_letter_spacing__hover_enabled=\u00bboff\u00bb button_one_letter_spacing__hover_enabled=\u00bboff\u00bb button_two_letter_spacing__hover_enabled=\u00bboff\u00bb button_bg_color__hover_enabled=\u00bboff\u00bb button_one_bg_color__hover_enabled=\u00bboff\u00bb button_two_bg_color__hover_enabled=\u00bboff\u00bb][\/et_pb_contact_field][et_pb_contact_field field_id=\u00bbMessage\u00bb field_title=\u00bbMensaje\u00bb field_type=\u00bbtext\u00bb fullwidth_field=\u00bbon\u00bb _builder_version=\u00bb4.27.4&#8243; global_colors_info=\u00bb{}\u00bb button_text_size__hover_enabled=\u00bboff\u00bb button_one_text_size__hover_enabled=\u00bboff\u00bb button_two_text_size__hover_enabled=\u00bboff\u00bb button_text_color__hover_enabled=\u00bboff\u00bb button_one_text_color__hover_enabled=\u00bboff\u00bb button_two_text_color__hover_enabled=\u00bboff\u00bb button_border_width__hover_enabled=\u00bboff\u00bb button_one_border_width__hover_enabled=\u00bboff\u00bb button_two_border_width__hover_enabled=\u00bboff\u00bb button_border_color__hover_enabled=\u00bboff\u00bb button_one_border_color__hover_enabled=\u00bboff\u00bb button_two_border_color__hover_enabled=\u00bboff\u00bb button_border_radius__hover_enabled=\u00bboff\u00bb button_one_border_radius__hover_enabled=\u00bboff\u00bb button_two_border_radius__hover_enabled=\u00bboff\u00bb button_letter_spacing__hover_enabled=\u00bboff\u00bb button_one_letter_spacing__hover_enabled=\u00bboff\u00bb button_two_letter_spacing__hover_enabled=\u00bboff\u00bb button_bg_color__hover_enabled=\u00bboff\u00bb button_one_bg_color__hover_enabled=\u00bboff\u00bb button_two_bg_color__hover_enabled=\u00bboff\u00bb][\/et_pb_contact_field][\/et_pb_contact_form][\/et_pb_column][\/et_pb_row][\/et_pb_section]<\/p>\n","protected":false},"excerpt":{"rendered":"<p>ContactoMant\u00e9ngase en contacto: por una salud con futuroAsociaci\u00f3n Swiss-Health Alliance (CSA)Schwertgasse 10,5330 Bad Zurzach Contacto: welcome@sha-verein.comHablemos, porque el cambio necesita di\u00e1logo.Creemos en el poder del encuentro real. Ya sean preguntas, sugerencias o visiones compartidas, estaremos encantados de saber de usted. Porque la transformaci\u00f3n comienza donde las personas se ponen en contacto entre s\u00ed. La Swiss [&hellip;]<\/p>\n","protected":false},"author":1,"featured_media":0,"parent":0,"menu_order":0,"comment_status":"closed","ping_status":"closed","template":"","meta":{"_acf_changed":false,"_et_pb_use_builder":"on","_et_pb_old_content":"","_et_gb_content_width":"","footnotes":""},"class_list":["post-73320","page","type-page","status-publish","hentry"],"acf":[],"_links":{"self":[{"href":"https:\/\/sha-verein.com\/es\/wp-json\/wp\/v2\/pages\/73320","targetHints":{"allow":["GET"]}}],"collection":[{"href":"https:\/\/sha-verein.com\/es\/wp-json\/wp\/v2\/pages"}],"about":[{"href":"https:\/\/sha-verein.com\/es\/wp-json\/wp\/v2\/types\/page"}],"author":[{"embeddable":true,"href":"https:\/\/sha-verein.com\/es\/wp-json\/wp\/v2\/users\/1"}],"replies":[{"embeddable":true,"href":"https:\/\/sha-verein.com\/es\/wp-json\/wp\/v2\/comments?post=73320"}],"version-history":[{"count":0,"href":"https:\/\/sha-verein.com\/es\/wp-json\/wp\/v2\/pages\/73320\/revisions"}],"wp:attachment":[{"href":"https:\/\/sha-verein.com\/es\/wp-json\/wp\/v2\/media?parent=73320"}],"curies":[{"name":"wp","href":"https:\/\/api.w.org\/{rel}","templated":true}]}}